{"id":117,"date":"2017-09-16T18:21:46","date_gmt":"2017-09-16T16:21:46","guid":{"rendered":"http:\/\/exoneration-taxe-habitation.fr\/?page_id=117"},"modified":"2025-11-16T22:34:51","modified_gmt":"2025-11-16T21:34:51","slug":"programmes-depuis-1987","status":"publish","type":"page","link":"https:\/\/ensembleorfeo.fr\/index.php\/programmes-depuis-1987\/","title":{"rendered":"Programmes depuis 1987"},"content":{"rendered":"<h2><\/h2>\n<ul class=\"arrow_red\">\n<li style=\"list-style-type: none;\">\n<ul class=\"arrow_red\">\n<li style=\"list-style-type: none;\">\n<ul class=\"arrow_red\">\n<li>J.S.<strong> Bach <\/strong>: Cantates BWV 61, 84, 144, 150.<\/li>\n<li>Antonio <strong>Vivaldi<\/strong>: \u00ab\u00a0Magnificat\u00a0\u00bb et oeuvres virtuoses.<\/li>\n<li>L&rsquo;\u00e2ge d&rsquo;or du <strong>baroque italien<\/strong>: Carissimi : \u00ab\u00a0Jepht\u00e9\u00a0\u00bb, oeuvres de Rossi, Castello, Frescobaldi<\/li>\n<li>Musiques pour les palais et cath\u00e9drales d&rsquo;<strong>Espagne<\/strong>, de Victoria au Padre Soler<\/li>\n<li>J.S.<strong>Bach<\/strong>: messe br\u00e8ve BWV 234, cantates 9 et 115<\/li>\n<li>Messe de Minuit de Marc-Antoine<strong> Charpentier<\/strong> ; musiques pastorales du Grand-Si\u00e8cle.<\/li>\n<li>Franz<strong> Beck\u00a0<\/strong>: \u00ab\u00a0Stabat mater\u00a0\u00bb (oeuvre compos\u00e9e \u00e0 Bordeaux en 1782.)<\/li>\n<li><strong>Carissimi\u00a0<\/strong>: \u00ab\u00a0Jonas\u00a0\u00bb ; oeuvres de Foggia, Allegri, Monteverdi, Cesti.<\/li>\n<li><strong>Haendel 1707\u00a0<\/strong>: \u00ab\u00a0Dixit Dominus\u00a0\u00bb et \u00ab\u00a0Laudate pueri Dominum\u00a0\u00bb (avec l&rsquo;Orchestre baroque de Montauban)<\/li>\n<li><strong>Musique au temps de Shakespeare<\/strong> (Byrd, Weelkes, Morley, Dowland,&#8230;)<\/li>\n<li><strong>Divertissement pastoral\u00a0<\/strong>: spectacle avec danse baroque et costumes XVIII\u00b0<\/li>\n<li><strong>Vivaldi\u00a0<\/strong>: les deux Gloria et psaume \u00ab\u00a0In exitu Israel\u00a0\u00bb (avec l&rsquo;OBM)<\/li>\n<li>Henry<strong> Purcell<\/strong> et ses admirateurs (Blow, Croft, Clarke)<\/li>\n<li><strong>Charpentier\u00a0<\/strong>:\u00a0\u00bbLe Reniement de Saint Pierre\u00a0\u00bb,\u00a0\u00bbLe Fils prodigue\u00a0\u00bb. Motets de Gilles.<\/li>\n<li><strong>Bach\u00a0<\/strong>: Messe BWV 236 et cantates 72 et 131 (avec l\u2019Orchestre baroque de Montauban)<\/li>\n<li>Le<strong> Baroque napolitain\u00a0<\/strong>: Scarlatti, Pergolese (Magnificat), Leonardo Leo.<\/li>\n<li><strong>Lisbonne-Madrid<\/strong> : 2 si\u00e8cles de musique sacr\u00e9e (Morago, Lobo, Magalhaes, Victoria, Soler &#8230;)<\/li>\n<li>Purcell :<strong>\u00a0Didon et En\u00e9e<\/strong>\u00a0(coproduction avec le choeur de chambre d&rsquo;Allemagne du Sud)<\/li>\n<li><strong>Folies baroques <\/strong>: spectacle en costumes sur des musiques extraites des op\u00e9ras de Lully, Purcell, Rameau,&#8230;<\/li>\n<li>Musique sacr\u00e9e avec le grand orgue Dom Bedos de Sainte-Croix \u00e0 Bordeaux: oeuvres de Campra, Rameau, Leb\u00e8gue et Bernier &#8211; R\u00e9pons en plain-chant.<\/li>\n<li><strong>Telemann<\/strong> : Motets, airs\u00a0 et cantate \u201c Du aber Daniel\u201d- <strong>Bach\u00a0<\/strong>: BWV 106<\/li>\n<li><strong>Musique sacr\u00e9e au coeur de l\u2019Europe<\/strong> : Zelenka,\u00a0 Tuma, Caldara, Weiss.<\/li>\n<li><strong>La F\u00eate de Bacchus<\/strong> : cantates de Rameau et Royer (fonds du duc d\u2019Aiguillon), avec le choeur Oratorio d\u2019Agen et l\u2019Orchestre baroque de Montauban sous la direction de Jean-Marc Andrieu..<\/li>\n<li>Cantates 1, 80, 182 et Magnificat de <strong>Bach<\/strong> &#8211; avec <strong>Sagittarius<\/strong>, direction: Michel Lapl\u00e9nie (2 concerts dans la saison 2002 Op\u00e9ra de Bordeaux)<\/li>\n<li>Musique \u00e0 Saint-Marc de <strong>Venise<\/strong> (Monteverdi, Croce, Viadana, Gabrieli)<\/li>\n<li>Musique sacr\u00e9e \u00e0 <strong>Rome<\/strong> autour de \u201cJephte\u201d de Carissimi : oeuvres de Lorenzani, Rossi, Foggia\u00a0 et Frescobaldi.<\/li>\n<li>Cantates de Dietrich <strong>Buxtehude<\/strong> et Nikolaus Bruhns.<\/li>\n<li>Charpentier : Te Deum et Messe \u00e0 4 choeurs (coproduit avec Sagittarius et Arp\u00e8ge (Festival de Lourdes et Sainte-Croix)<\/li>\n<li>Jean <strong>Gilles<\/strong> : \u00ab\u00a0Lamentations\u00a0\u00bb, Charpentier\u00a0: \u00ab\u00a0Motet pour les Tr\u00e9pass\u00e9s\u00a0\u00bb<\/li>\n<li>Musique <strong>jud\u00e9o-baroque<\/strong> (sur des textes en h\u00e9breu)\u00a0: Salamone Rossi, Saladin, Marcello, Lidarti avec le kantor Adolphe Attia.<\/li>\n<li>Matthaeus-Passion de <strong>Sch\u00fctz<\/strong> ; Michel Lapl\u00e9nie (\u00e9vang\u00e9liste)<\/li>\n<li><strong>J.S.Bach<\/strong> : cantates 147 et 198 (Saison Sagittarius-Op\u00e9ra de Bordeaux)<\/li>\n<li><strong>Musique sacr\u00e9e \u00e0 Venise<\/strong> : Gabrieli, Monteverdi, Vivaldi\u00a0; oeuvres pour choeur et double choeur avec Sophie Pattey, soprano. (Festivals Mably et Dax)<\/li>\n<li><strong>Sch\u00fctz<\/strong> : Musikalische Exequien, motets de la famille Bach\u00a0; dir\u00a0: M.Lapl\u00e9nie.<\/li>\n<li><strong>Baroque du Nouveau Monde<\/strong> : oeuvres de Esteban Salas, Salazar, Lopez Capillas\u00a0(avec le grand orgue de Sainte-Croix)<\/li>\n<li>Te Deum de <strong>Charles Levens<\/strong> et Cantate 140 de <strong>Bach<\/strong> pour le grand concert des 20 ans de Sagittarius (coproduction avec Sagittarius et Arp\u00e8ge)<\/li>\n<li><strong>Fun\u00e9railles \u00e0 Londres :<\/strong>\u00a0Purcell, Blow, \u00ab\u00a0Ode pour la mort du Duc de Marlborough\u00a0\u00bb de Bononcini.<\/li>\n<li><strong>Buxtehude<\/strong> : \u00ab\u00a0Membra Jesu Nostri\u00a0\u00bb<\/li>\n<li><strong>Un office \u00e0 Qu\u00e9bec<\/strong> au XVIII\u00b0\u00a0: concert avec Sagittarius. R\u00e9pertoire fran\u00e7ais chant\u00e9 au Qu\u00e9bec\u00a0: cantiques indiens, livre d\u2019orgue de Montr\u00e9al, messe dite de Bordeaux, oeuvres de Campra et Desmarets. (Sainte-Croix devant 700 personnes)<\/li>\n<li><strong>Enfers baroques<\/strong>\u00a0: extraits d\u2019op\u00e9ras et cantates (Purcell, Carissimi, Charpentier, Cl\u00e9rambault, Rameau&#8230;)<\/li>\n<li><strong>Rameau et Mondonville<\/strong> : grands motets avec orchestre et solistes<\/li>\n<li><strong>No\u00ebl baroque <\/strong>: messe de Guillaume Minoret, antiennes de Charpentier et no\u00ebls populaires anciens.<\/li>\n<li><strong>Bacchus et Flore<\/strong>\u00a0: concert en costumes (Lully, Purcell, Rameau, Corrette&#8230;)<\/li>\n<li><strong>Haendel<\/strong> : Dixit Dominus et Ode for a Foundling Hospital (orchestre et solistes)<\/li>\n<li>Motets de <strong>Telemann <\/strong>et C.P.E.Bach (direction\u00a0: Michel Lapl\u00e9nie)<\/li>\n<li>Les Plaisirs de la Renaissance\u00a0: programmes pour le quatuor vocal Orfeo<\/li>\n<li><strong>Bach\u00a0<\/strong>: Messes luth\u00e9riennes BWV 234 et 236 (orchestre et solistes)<\/li>\n<li><strong>Scarlatti<\/strong> : Stabat Mater \u00e0 10 voix et Miserere d\u2019Allegri (dir: Michel Lapl\u00e9nie)<\/li>\n<li>Naissance du <strong>baroque anglais<\/strong> (Tallis, Weelkes, Dering, Blow, Hume, Purcell&#8230;)<\/li>\n<li><strong>Purcell<\/strong> : Ode \u00e0 Sainte-C\u00e9cile avec orchestre et solistes. Concert Sagittarius dirig\u00e9 par Michel Lapl\u00e9nie.<\/li>\n<li>Markus-Passion de J.S.<strong>Bach<\/strong> et Reinhardt<strong> Keiser<\/strong> (Sagittarius \u2013 Saison de l\u2019Op\u00e9ra)<\/li>\n<li><strong>No\u00ebl au soleil<\/strong> : musique fran\u00e7aise, No\u00ebls mexicains et cubains (Zespedes, Capillas, Fernandes pour choeur, continuo et grand orgue. (et castagnettes\u00a0!)<\/li>\n<li><strong>Vivaldi<\/strong>\u00a0\u00ab\u00a0Dixit Dominus\u00a0\u00bb \u00e0 double choeur, \u00a0<strong>Lotti <\/strong>\u00ab\u00a0Requiem\u00a0\u00bb avec orchestre et 5 solistes (1\u00b0 et 2 octobre 2012)<\/li>\n<li><strong>C\u00e9l\u00e9brations romaines :<\/strong> Carissimi, Mazzocchi, Bencini, Foggia, Frescolbaldi<\/li>\n<li><strong>Telemann<\/strong> : oratorio \u00ab\u00a0Le Jour du Jugement\u00a0\u00bb ; version pour basse, ch\u0153ur et orchestre.<\/li>\n<li><strong>Le choral en majest\u00e9\u00a0<\/strong>: pi\u00e8ces pour ch\u0153ur et grand orgue avec Aur\u00e9lien Delage et Paul Goussot (Bach et sa famille, Telemann, B\u00f6hm)<\/li>\n<li><strong>Bach<\/strong> : cantates 4 et Psaume 51- BWV 1083 (transcription du Stabat Mater de Pergol\u00e8se)<\/li>\n<li><strong>Stabat Mater<\/strong> de S\u00e9bastien de Brossard, Messe des morts et Messe pour le Samedy de P\u00e2ques de Charpentier.<\/li>\n<li><strong>Grands motets de Mondonville<\/strong>\u00a0: De Profundis et In Exitu Israel (soli, ch\u0153ur et orchestre)<\/li>\n<li><strong>Venise myst\u00e9rieuse \u00a0<\/strong>: Croce, Banchieri, Marcello, Vivaldi, Legrenzi, Steffani\u2026<\/li>\n<li><strong>Baroque du Sud pour la semaine Sainte<\/strong>\u00a0: Lamentations et Motets de Jean Gilles &#8211; De Profundis de Mondonville<\/li>\n<li><strong>Comm\u00e9moration du Mariage de Louis XIII<\/strong>\u00a0: Oeuvres \u00e0 double choeur de Nicolas Form\u00e9 et Bouzignac, avec Sagittarius<\/li>\n<li><strong>Musiques pour le Roy Soleil<\/strong>\u00a0: La vie de Louis XIV sur des musiques de Louis XIII, Lully, Gilles, Charpentier, Marin Marais<\/li>\n<li><strong>Judas Macchab\u00e9e<\/strong>\u00a0de Haendel : en coproduction avec Sagittarius et Le Groupe Vocal Arp\u00e8ge.<\/li>\n<li><strong>Venise du ghetto \u00e0 la basilique<\/strong> : rencontres entre juifs et chr\u00e9tiens. Salamone Rossi, Grossi, Marcello, Vivaldi.<\/li>\n<li><strong>Marc Antoine Charpentier<\/strong> : \u00ab\u00a0Act\u00e9on\u00a0\u00bb\u00a0&#8211; <strong>Henry Purcell<\/strong> : \u00ab\u00a0Didon et \u00c9n\u00e9e\u00a0\u00bb<\/li>\n<li><strong>Baroque \u00e0 la Cour de l\u2019Empereur de Chine<\/strong> : d\u2019Ambleville, Amiot, Pedrini<\/li>\n<li><b>Cantates intimes : <\/b>Bach:\u00a0 BWV 150 et 196 &#8211; Buxtehude : BuxWv 15 et 62<\/li>\n<li><b style=\"font-size: inherit;\">Les Larmes de l&rsquo;exil :\u00a0<\/b>Autour du Stabat Mater et des compositeurs morts en exil: Caldara, Steffani, Vivaldi, Tuma, Bononcini, Hasse<\/li>\n<li><strong>Haendel : Odes royales<\/strong> \u00ab\u00a0The Ways of Zion\u00a0\u00bb et \u00ab\u00a0Zadok the priest\u00a0\u00bb<\/li>\n<li><strong>Stabat Mater \u00e0 Vienne :\u00a0<\/strong>Stabat Mater d&rsquo; <strong>Antonio Caldara<\/strong> et de <strong>Franti\u0161ek T\u016fma<\/strong><\/li>\n<li><b>No\u00ebl\u00a0<\/b><span style=\"font-weight: 600;\">avec le grand-orgue\u00a0<\/span><strong style=\"font-weight: 600;\">&#8211;<\/strong>\u00a0De Naples \u00e0 Versailles<\/li>\n<li><strong>La Gloire de Bacchus<\/strong> &#8211; Lully, Purcell, Rameau, airs \u00e0 boire du XVIII\u00b0s.<\/li>\n<li><strong>Une Soir\u00e9e chez Bach<\/strong>\u00a0&#8211; Autour du clavecin, les fils, les \u00e9l\u00e8ves et l&rsquo;ami Telemann<\/li>\n<li><strong>Le Deuil des Princes<\/strong> &#8211; Charpentier, Rebel et le \u00ab\u00a0Dies Irae\u00a0\u00bb de Lully<\/li>\n<li><strong>Haendel au pied du grand orgue<\/strong> (plusieurs versions)<\/li>\n<li><strong>Vivaldi l&rsquo;inconnu<\/strong> (avec orchestre et solistes). \u0152uvres rares pour l&rsquo;\u00e9glise et l&rsquo;op\u00e9ra.<\/li>\n<li><strong>Autour de la cantate 106 Actus tragicus<\/strong>. Bach, Buxtehude, Telemann<\/li>\n<li><strong>Messe de minuit de Charpentier, et no\u00ebls du XVII<span style=\"vertical-align: super; font-size: 1rem;\">e <\/span>si\u00e8cle<\/strong> pour voix et instruments.<\/li>\n<li><strong>Les Voix de la M\u00e9diterran\u00e9e<\/strong> : musiques populaires et savantes d&rsquo;Espagne, Provence, Corse et Naples.<\/li>\n<\/ul>\n<\/li>\n<\/ul>\n<\/li>\n<\/ul>\n","protected":false},"excerpt":{"rendered":"<p>J.S. Bach : Cantates BWV 61, 84, 144, 150. Antonio Vivaldi: \u00ab\u00a0Magnificat\u00a0\u00bb et oeuvres virtuoses. L&rsquo;\u00e2ge d&rsquo;or du baroque italien: Carissimi : \u00ab\u00a0Jepht\u00e9\u00a0\u00bb, oeuvres de Rossi, Castello, Frescobaldi Musiques pour les palais et cath\u00e9drales d&rsquo;Espagne, de Victoria au Padre Soler J.S.Bach: messe br\u00e8ve BWV 234, cantates 9 et 115 Messe de Minuit de Marc-Antoine Charpentier &hellip; <\/p>\n<p class=\"link-more\"><a href=\"https:\/\/ensembleorfeo.fr\/index.php\/programmes-depuis-1987\/\" class=\"more-link\">Continuer la lecture<span class=\"screen-reader-text\"> de &laquo;&nbsp;Programmes depuis 1987&nbsp;&raquo;<\/span><\/a><\/p>\n","protected":false},"author":39,"featured_media":0,"parent":0,"menu_order":0,"comment_status":"closed","ping_status":"closed","template":"","meta":{"footnotes":""},"class_list":["post-117","page","type-page","status-publish","hentry"],"yoast_head":"<!-- This site is optimized with the Yoast SEO plugin v27.6 - https:\/\/yoast.com\/product\/yoast-seo-wordpress\/ -->\n<title>Programmes depuis 1987 - Ensemble Baroque ORFEO<\/title>\n<meta name=\"robots\" content=\"index, follow, max-snippet:-1, max-image-preview:large, max-video-preview:-1\" \/>\n<link rel=\"canonical\" href=\"https:\/\/ensembleorfeo.fr\/index.php\/programmes-depuis-1987\/\" \/>\n<meta property=\"og:locale\" content=\"fr_FR\" \/>\n<meta property=\"og:type\" content=\"article\" \/>\n<meta property=\"og:title\" content=\"Programmes depuis 1987 - Ensemble Baroque ORFEO\" \/>\n<meta property=\"og:description\" content=\"J.S. Bach : Cantates BWV 61, 84, 144, 150. Antonio Vivaldi: \u00ab\u00a0Magnificat\u00a0\u00bb et oeuvres virtuoses. L&rsquo;\u00e2ge d&rsquo;or du baroque italien: Carissimi : \u00ab\u00a0Jepht\u00e9\u00a0\u00bb, oeuvres de Rossi, Castello, Frescobaldi Musiques pour les palais et cath\u00e9drales d&rsquo;Espagne, de Victoria au Padre Soler J.S.Bach: messe br\u00e8ve BWV 234, cantates 9 et 115 Messe de Minuit de Marc-Antoine Charpentier &hellip; Continuer la lecture de &laquo;&nbsp;Programmes depuis 1987&nbsp;&raquo;\" \/>\n<meta property=\"og:url\" content=\"https:\/\/ensembleorfeo.fr\/index.php\/programmes-depuis-1987\/\" \/>\n<meta property=\"og:site_name\" content=\"Ensemble Baroque ORFEO\" \/>\n<meta property=\"article:publisher\" content=\"https:\/\/www.facebook.com\/EnsembleOrfeo\/?eid=ARBaSR5WLVdmM60fRG9yuuJ0b1Yim05jQtqKqDw4YF6tKXNytAcqvv9ptI6tm6sIvwhxDEL7dlWbab1J\" \/>\n<meta property=\"article:modified_time\" content=\"2025-11-16T21:34:51+00:00\" \/>\n<meta name=\"twitter:card\" content=\"summary_large_image\" \/>\n<meta name=\"twitter:label1\" content=\"Dur\u00e9e de lecture estim\u00e9e\" \/>\n\t<meta name=\"twitter:data1\" content=\"6 minutes\" \/>\n<script type=\"application\/ld+json\" class=\"yoast-schema-graph\">{\"@context\":\"https:\\\/\\\/schema.org\",\"@graph\":[{\"@type\":\"WebPage\",\"@id\":\"https:\\\/\\\/ensembleorfeo.fr\\\/index.php\\\/programmes-depuis-1987\\\/\",\"url\":\"https:\\\/\\\/ensembleorfeo.fr\\\/index.php\\\/programmes-depuis-1987\\\/\",\"name\":\"Programmes depuis 1987 - Ensemble Baroque ORFEO\",\"isPartOf\":{\"@id\":\"https:\\\/\\\/ensembleorfeo.fr\\\/#website\"},\"datePublished\":\"2017-09-16T16:21:46+00:00\",\"dateModified\":\"2025-11-16T21:34:51+00:00\",\"breadcrumb\":{\"@id\":\"https:\\\/\\\/ensembleorfeo.fr\\\/index.php\\\/programmes-depuis-1987\\\/#breadcrumb\"},\"inLanguage\":\"fr-FR\",\"potentialAction\":[{\"@type\":\"ReadAction\",\"target\":[\"https:\\\/\\\/ensembleorfeo.fr\\\/index.php\\\/programmes-depuis-1987\\\/\"]}]},{\"@type\":\"BreadcrumbList\",\"@id\":\"https:\\\/\\\/ensembleorfeo.fr\\\/index.php\\\/programmes-depuis-1987\\\/#breadcrumb\",\"itemListElement\":[{\"@type\":\"ListItem\",\"position\":1,\"name\":\"Accueil\",\"item\":\"https:\\\/\\\/ensembleorfeo.fr\\\/\"},{\"@type\":\"ListItem\",\"position\":2,\"name\":\"Programmes depuis 1987\"}]},{\"@type\":\"WebSite\",\"@id\":\"https:\\\/\\\/ensembleorfeo.fr\\\/#website\",\"url\":\"https:\\\/\\\/ensembleorfeo.fr\\\/\",\"name\":\"Ensemble Baroque Orfeo\",\"description\":\"Direction Fran\u00e7oise Richard\",\"publisher\":{\"@id\":\"https:\\\/\\\/ensembleorfeo.fr\\\/#organization\"},\"potentialAction\":[{\"@type\":\"SearchAction\",\"target\":{\"@type\":\"EntryPoint\",\"urlTemplate\":\"https:\\\/\\\/ensembleorfeo.fr\\\/?s={search_term_string}\"},\"query-input\":{\"@type\":\"PropertyValueSpecification\",\"valueRequired\":true,\"valueName\":\"search_term_string\"}}],\"inLanguage\":\"fr-FR\"},{\"@type\":\"Organization\",\"@id\":\"https:\\\/\\\/ensembleorfeo.fr\\\/#organization\",\"name\":\"Ensemble Baroque Orfeo\",\"url\":\"https:\\\/\\\/ensembleorfeo.fr\\\/\",\"logo\":{\"@type\":\"ImageObject\",\"inLanguage\":\"fr-FR\",\"@id\":\"https:\\\/\\\/ensembleorfeo.fr\\\/#\\\/schema\\\/logo\\\/image\\\/\",\"url\":\"https:\\\/\\\/ensembleorfeo.fr\\\/wp-content\\\/uploads\\\/2018\\\/03\\\/Logo-Orfeo.jpg\",\"contentUrl\":\"https:\\\/\\\/ensembleorfeo.fr\\\/wp-content\\\/uploads\\\/2018\\\/03\\\/Logo-Orfeo.jpg\",\"width\":1671,\"height\":2156,\"caption\":\"Ensemble Baroque Orfeo\"},\"image\":{\"@id\":\"https:\\\/\\\/ensembleorfeo.fr\\\/#\\\/schema\\\/logo\\\/image\\\/\"},\"sameAs\":[\"https:\\\/\\\/www.facebook.com\\\/EnsembleOrfeo\\\/?eid=ARBaSR5WLVdmM60fRG9yuuJ0b1Yim05jQtqKqDw4YF6tKXNytAcqvv9ptI6tm6sIvwhxDEL7dlWbab1J\"]}]}<\/script>\n<!-- \/ Yoast SEO plugin. -->","yoast_head_json":{"title":"Programmes depuis 1987 - Ensemble Baroque ORFEO","robots":{"index":"index","follow":"follow","max-snippet":"max-snippet:-1","max-image-preview":"max-image-preview:large","max-video-preview":"max-video-preview:-1"},"canonical":"https:\/\/ensembleorfeo.fr\/index.php\/programmes-depuis-1987\/","og_locale":"fr_FR","og_type":"article","og_title":"Programmes depuis 1987 - Ensemble Baroque ORFEO","og_description":"J.S. Bach : Cantates BWV 61, 84, 144, 150. Antonio Vivaldi: \u00ab\u00a0Magnificat\u00a0\u00bb et oeuvres virtuoses. L&rsquo;\u00e2ge d&rsquo;or du baroque italien: Carissimi : \u00ab\u00a0Jepht\u00e9\u00a0\u00bb, oeuvres de Rossi, Castello, Frescobaldi Musiques pour les palais et cath\u00e9drales d&rsquo;Espagne, de Victoria au Padre Soler J.S.Bach: messe br\u00e8ve BWV 234, cantates 9 et 115 Messe de Minuit de Marc-Antoine Charpentier &hellip; Continuer la lecture de &laquo;&nbsp;Programmes depuis 1987&nbsp;&raquo;","og_url":"https:\/\/ensembleorfeo.fr\/index.php\/programmes-depuis-1987\/","og_site_name":"Ensemble Baroque ORFEO","article_publisher":"https:\/\/www.facebook.com\/EnsembleOrfeo\/?eid=ARBaSR5WLVdmM60fRG9yuuJ0b1Yim05jQtqKqDw4YF6tKXNytAcqvv9ptI6tm6sIvwhxDEL7dlWbab1J","article_modified_time":"2025-11-16T21:34:51+00:00","twitter_card":"summary_large_image","twitter_misc":{"Dur\u00e9e de lecture estim\u00e9e":"6 minutes"},"schema":{"@context":"https:\/\/schema.org","@graph":[{"@type":"WebPage","@id":"https:\/\/ensembleorfeo.fr\/index.php\/programmes-depuis-1987\/","url":"https:\/\/ensembleorfeo.fr\/index.php\/programmes-depuis-1987\/","name":"Programmes depuis 1987 - Ensemble Baroque ORFEO","isPartOf":{"@id":"https:\/\/ensembleorfeo.fr\/#website"},"datePublished":"2017-09-16T16:21:46+00:00","dateModified":"2025-11-16T21:34:51+00:00","breadcrumb":{"@id":"https:\/\/ensembleorfeo.fr\/index.php\/programmes-depuis-1987\/#breadcrumb"},"inLanguage":"fr-FR","potentialAction":[{"@type":"ReadAction","target":["https:\/\/ensembleorfeo.fr\/index.php\/programmes-depuis-1987\/"]}]},{"@type":"BreadcrumbList","@id":"https:\/\/ensembleorfeo.fr\/index.php\/programmes-depuis-1987\/#breadcrumb","itemListElement":[{"@type":"ListItem","position":1,"name":"Accueil","item":"https:\/\/ensembleorfeo.fr\/"},{"@type":"ListItem","position":2,"name":"Programmes depuis 1987"}]},{"@type":"WebSite","@id":"https:\/\/ensembleorfeo.fr\/#website","url":"https:\/\/ensembleorfeo.fr\/","name":"Ensemble Baroque Orfeo","description":"Direction Fran\u00e7oise Richard","publisher":{"@id":"https:\/\/ensembleorfeo.fr\/#organization"},"potentialAction":[{"@type":"SearchAction","target":{"@type":"EntryPoint","urlTemplate":"https:\/\/ensembleorfeo.fr\/?s={search_term_string}"},"query-input":{"@type":"PropertyValueSpecification","valueRequired":true,"valueName":"search_term_string"}}],"inLanguage":"fr-FR"},{"@type":"Organization","@id":"https:\/\/ensembleorfeo.fr\/#organization","name":"Ensemble Baroque Orfeo","url":"https:\/\/ensembleorfeo.fr\/","logo":{"@type":"ImageObject","inLanguage":"fr-FR","@id":"https:\/\/ensembleorfeo.fr\/#\/schema\/logo\/image\/","url":"https:\/\/ensembleorfeo.fr\/wp-content\/uploads\/2018\/03\/Logo-Orfeo.jpg","contentUrl":"https:\/\/ensembleorfeo.fr\/wp-content\/uploads\/2018\/03\/Logo-Orfeo.jpg","width":1671,"height":2156,"caption":"Ensemble Baroque Orfeo"},"image":{"@id":"https:\/\/ensembleorfeo.fr\/#\/schema\/logo\/image\/"},"sameAs":["https:\/\/www.facebook.com\/EnsembleOrfeo\/?eid=ARBaSR5WLVdmM60fRG9yuuJ0b1Yim05jQtqKqDw4YF6tKXNytAcqvv9ptI6tm6sIvwhxDEL7dlWbab1J"]}]}},"_links":{"self":[{"href":"https:\/\/ensembleorfeo.fr\/index.php\/wp-json\/wp\/v2\/pages\/117","targetHints":{"allow":["GET"]}}],"collection":[{"href":"https:\/\/ensembleorfeo.fr\/index.php\/wp-json\/wp\/v2\/pages"}],"about":[{"href":"https:\/\/ensembleorfeo.fr\/index.php\/wp-json\/wp\/v2\/types\/page"}],"author":[{"embeddable":true,"href":"https:\/\/ensembleorfeo.fr\/index.php\/wp-json\/wp\/v2\/users\/39"}],"replies":[{"embeddable":true,"href":"https:\/\/ensembleorfeo.fr\/index.php\/wp-json\/wp\/v2\/comments?post=117"}],"version-history":[{"count":10,"href":"https:\/\/ensembleorfeo.fr\/index.php\/wp-json\/wp\/v2\/pages\/117\/revisions"}],"predecessor-version":[{"id":5381,"href":"https:\/\/ensembleorfeo.fr\/index.php\/wp-json\/wp\/v2\/pages\/117\/revisions\/5381"}],"wp:attachment":[{"href":"https:\/\/ensembleorfeo.fr\/index.php\/wp-json\/wp\/v2\/media?parent=117"}],"curies":[{"name":"wp","href":"https:\/\/api.w.org\/{rel}","templated":true}]}}