{"id":4572,"date":"2021-11-14T22:55:23","date_gmt":"2021-11-14T21:55:23","guid":{"rendered":"https:\/\/ensembleorfeo.fr\/?page_id=4572"},"modified":"2023-07-27T22:24:57","modified_gmt":"2023-07-27T20:24:57","slug":"concerts-2022","status":"publish","type":"page","link":"https:\/\/ensembleorfeo.fr\/index.php\/concerts-2022\/","title":{"rendered":"Concerts 2022"},"content":{"rendered":"\n<ul class=\"wp-block-list\">\n<li>&nbsp;<strong>&nbsp;<span class=\"has-inline-color has-luminous-vivid-amber-color\"> <\/span><span class=\"has-inline-color has-luminous-vivid-orange-color\">29 janvier<\/span> \u2013 Espace Br\u00e9montier &#8211; Ar\u00e8s &#8211; 20h30.<\/strong><\/li>\n<\/ul>\n\n\n\n<p><strong>Baroque en f\u00eates :<\/strong>&nbsp;Concert en costumes d&rsquo;\u00e9poque (Lully &#8211; Charpentier &#8211; Bach &#8211; Mondonville). <\/p>\n\n\n<div class=\"wp-block-image\">\n<figure class=\"aligncenter\"><img loading=\"lazy\" decoding=\"async\" width=\"300\" height=\"27\" src=\"http:\/\/ensembleorfeo.fr\/wp-content\/uploads\/2018\/03\/separateur-60px-300x27.jpg\" alt=\"\" class=\"wp-image-682\" srcset=\"https:\/\/ensembleorfeo.fr\/wp-content\/uploads\/2018\/03\/separateur-60px-300x27.jpg 300w, https:\/\/ensembleorfeo.fr\/wp-content\/uploads\/2018\/03\/separateur-60px.jpg 659w\" sizes=\"auto, (max-width: 300px) 100vw, 300px\" \/><\/figure>\n<\/div>\n\n\n<ul class=\"wp-block-list\">\n<li>&nbsp;<strong><mark style=\"background-color:rgba(0, 0, 0, 0)\" class=\"has-inline-color has-luminous-vivid-orange-color\">&nbsp; 14 mai<\/mark> \u2013 Ch\u00e2teau Tour du Pas-Saint-Georges &#8211; Montagne &#8211; 20h.<\/strong><\/li>\n<\/ul>\n\n\n\n<p><strong>Les plaisirs de Bacchus :<\/strong>&nbsp;Concert en costumes d&rsquo;\u00e9poque  <\/p>\n\n\n<div class=\"wp-block-image\">\n<figure class=\"aligncenter\"><img loading=\"lazy\" decoding=\"async\" width=\"300\" height=\"27\" src=\"http:\/\/ensembleorfeo.fr\/wp-content\/uploads\/2018\/03\/separateur-60px-300x27.jpg\" alt=\"\" class=\"wp-image-682\" srcset=\"https:\/\/ensembleorfeo.fr\/wp-content\/uploads\/2018\/03\/separateur-60px-300x27.jpg 300w, https:\/\/ensembleorfeo.fr\/wp-content\/uploads\/2018\/03\/separateur-60px.jpg 659w\" sizes=\"auto, (max-width: 300px) 100vw, 300px\" \/><\/figure>\n<\/div>\n\n\n<ul class=\"wp-block-list\">\n<li>&nbsp;<strong><mark style=\"background-color:rgba(0, 0, 0, 0)\" class=\"has-inline-color has-luminous-vivid-orange-color\">17 juin<\/mark> \u2013 Eglise de Bouliac (33)  &#8211;  20h30.<\/strong><\/li>\n<\/ul>\n\n\n\n<p class=\"has-cyan-bluish-gray-color has-text-color\"><strong>Une soir\u00e9e chez Bach<\/strong><\/p>\n\n\n\n<p class=\"has-cyan-bluish-gray-color has-text-color\">(CONCERT ANNUL\u00c9 &#8211; Arr\u00eat\u00e9 pr\u00e9fectoral canicule)<\/p>\n\n\n<div class=\"wp-block-image\">\n<figure class=\"aligncenter\"><img loading=\"lazy\" decoding=\"async\" width=\"300\" height=\"27\" src=\"http:\/\/ensembleorfeo.fr\/wp-content\/uploads\/2018\/03\/separateur-60px-300x27.jpg\" alt=\"\" class=\"wp-image-682\" srcset=\"https:\/\/ensembleorfeo.fr\/wp-content\/uploads\/2018\/03\/separateur-60px-300x27.jpg 300w, https:\/\/ensembleorfeo.fr\/wp-content\/uploads\/2018\/03\/separateur-60px.jpg 659w\" sizes=\"auto, (max-width: 300px) 100vw, 300px\" \/><\/figure>\n<\/div>\n\n\n<ul class=\"wp-block-list\">\n<li>&nbsp;<strong><span class=\"has-inline-color has-luminous-vivid-orange-color\">21 juin<\/span> \u2013 Temple du H\u00e2 &#8211; Bordeaux &#8211;  20h30.<\/strong><\/li>\n<\/ul>\n\n\n\n<p><strong>Une soir\u00e9e chez Bach <\/strong>  <\/p>\n\n\n<div class=\"wp-block-image\">\n<figure class=\"aligncenter\"><img loading=\"lazy\" decoding=\"async\" width=\"300\" height=\"27\" src=\"http:\/\/ensembleorfeo.fr\/wp-content\/uploads\/2018\/03\/separateur-60px-300x27.jpg\" alt=\"\" class=\"wp-image-682\" srcset=\"https:\/\/ensembleorfeo.fr\/wp-content\/uploads\/2018\/03\/separateur-60px-300x27.jpg 300w, https:\/\/ensembleorfeo.fr\/wp-content\/uploads\/2018\/03\/separateur-60px.jpg 659w\" sizes=\"auto, (max-width: 300px) 100vw, 300px\" \/><\/figure>\n<\/div>\n\n\n<ul class=\"wp-block-list\">\n<li>&nbsp;<strong><span class=\"has-inline-color has-luminous-vivid-orange-color\">&nbsp; 17 septembre<\/span> \u2013 Cath\u00e9drale St Andr\u00e9 &#8211; 20h30.<\/strong><\/li>\n<\/ul>\n\n\n\n<p><strong>Jean Gilles :<\/strong>&nbsp;Requiem  &#8211; <strong>Jean-Baptiste Lully<\/strong> : Dies Irae<\/p>\n\n\n<div class=\"wp-block-image\">\n<figure class=\"aligncenter\"><img loading=\"lazy\" decoding=\"async\" width=\"300\" height=\"27\" src=\"http:\/\/ensembleorfeo.fr\/wp-content\/uploads\/2018\/03\/separateur-60px-300x27.jpg\" alt=\"\" class=\"wp-image-682\" srcset=\"https:\/\/ensembleorfeo.fr\/wp-content\/uploads\/2018\/03\/separateur-60px-300x27.jpg 300w, https:\/\/ensembleorfeo.fr\/wp-content\/uploads\/2018\/03\/separateur-60px.jpg 659w\" sizes=\"auto, (max-width: 300px) 100vw, 300px\" \/><\/figure>\n<\/div>\n\n\n<ul class=\"wp-block-list\">\n<li>&nbsp;<strong><mark style=\"background-color:rgba(0, 0, 0, 0)\" class=\"has-inline-color has-luminous-vivid-orange-color\">14 octobre<\/mark> \u2013 Eglise de St M\u00e9dard en Jalles &#8211;  20h45.<\/strong><\/li>\n<\/ul>\n\n\n\n<p><strong>Orgue et choeur<\/strong>  &#8211; Musique allemande : Bruhns, Bach, Telemann.<\/p>\n\n\n<div class=\"wp-block-image\">\n<figure class=\"aligncenter\"><img loading=\"lazy\" decoding=\"async\" width=\"300\" height=\"27\" src=\"http:\/\/ensembleorfeo.fr\/wp-content\/uploads\/2018\/03\/separateur-60px-300x27.jpg\" alt=\"\" class=\"wp-image-682\" srcset=\"https:\/\/ensembleorfeo.fr\/wp-content\/uploads\/2018\/03\/separateur-60px-300x27.jpg 300w, https:\/\/ensembleorfeo.fr\/wp-content\/uploads\/2018\/03\/separateur-60px.jpg 659w\" sizes=\"auto, (max-width: 300px) 100vw, 300px\" \/><\/figure>\n<\/div>\n\n\n<ul class=\"wp-block-list\">\n<li>&nbsp;<strong><mark style=\"background-color:rgba(0, 0, 0, 0)\" class=\"has-inline-color has-luminous-vivid-orange-color\">23 octobre<\/mark> \u2013 Eglise Ste Croix &#8211; Bordeaux &#8211;  17h<\/strong><\/li>\n<\/ul>\n\n\n\n<p><strong>Concert avec l&rsquo;organiste Ga\u00e9tan Jarry <\/strong>&#8211;  (Saison de renaissance de l&rsquo;Orgue \u00e0 Bordeaux)<\/p>\n\n\n<div class=\"wp-block-image\">\n<figure class=\"aligncenter\"><img loading=\"lazy\" decoding=\"async\" width=\"300\" height=\"27\" src=\"http:\/\/ensembleorfeo.fr\/wp-content\/uploads\/2018\/03\/separateur-60px-300x27.jpg\" alt=\"\" class=\"wp-image-682\" srcset=\"https:\/\/ensembleorfeo.fr\/wp-content\/uploads\/2018\/03\/separateur-60px-300x27.jpg 300w, https:\/\/ensembleorfeo.fr\/wp-content\/uploads\/2018\/03\/separateur-60px.jpg 659w\" sizes=\"auto, (max-width: 300px) 100vw, 300px\" \/><\/figure>\n<\/div>\n\n\n<ul class=\"wp-block-list\">\n<li>&nbsp;<strong><mark style=\"background-color:rgba(0, 0, 0, 0)\" class=\"has-inline-color has-luminous-vivid-orange-color\">10 d\u00e9cembre <\/mark> \u2013 F\u00eate baroque &#8211; Sauternes &#8211;   18h<\/strong><\/li>\n<\/ul>\n\n\n\n<p><strong>Concert \u00ab\u00a0\u00c9TINCELLES\u00a0\u00bb  <\/strong>&#8211; \u00ab\u00a0La douleur et la joie\u00a0\u00bb &#8211; Centre de Musique Ancienne Sauternes<\/p>\n\n\n<div class=\"wp-block-image\">\n<figure class=\"aligncenter\"><img loading=\"lazy\" decoding=\"async\" width=\"300\" height=\"27\" src=\"http:\/\/ensembleorfeo.fr\/wp-content\/uploads\/2018\/03\/separateur-60px-300x27.jpg\" alt=\"\" class=\"wp-image-682\" srcset=\"https:\/\/ensembleorfeo.fr\/wp-content\/uploads\/2018\/03\/separateur-60px-300x27.jpg 300w, https:\/\/ensembleorfeo.fr\/wp-content\/uploads\/2018\/03\/separateur-60px.jpg 659w\" sizes=\"auto, (max-width: 300px) 100vw, 300px\" \/><\/figure>\n<\/div>\n\n\n<ul class=\"wp-block-list\">\n<li>&nbsp;<strong><mark style=\"background-color:rgba(0, 0, 0, 0)\" class=\"has-inline-color has-luminous-vivid-orange-color\">10 d\u00e9cembre<\/mark> \u2013 F\u00eate baroque &#8211; Sauternes &#8211;  20h30<\/strong><\/li>\n<\/ul>\n\n\n\n<p><strong>Concert \u00ab\u00a0FEU D&rsquo;ARTIFICE\u00a0\u00bb  <\/strong>&#8211; \u00ab\u00a0Que la joie demeure\u00a0\u00bb &#8211; Centre de Musique Ancienne Sauternes<\/p>\n\n\n<div class=\"wp-block-image\">\n<figure class=\"aligncenter\"><img loading=\"lazy\" decoding=\"async\" width=\"300\" height=\"27\" src=\"http:\/\/ensembleorfeo.fr\/wp-content\/uploads\/2018\/03\/separateur-60px-300x27.jpg\" alt=\"\" class=\"wp-image-682\" srcset=\"https:\/\/ensembleorfeo.fr\/wp-content\/uploads\/2018\/03\/separateur-60px-300x27.jpg 300w, https:\/\/ensembleorfeo.fr\/wp-content\/uploads\/2018\/03\/separateur-60px.jpg 659w\" sizes=\"auto, (max-width: 300px) 100vw, 300px\" \/><\/figure>\n<\/div>","protected":false},"excerpt":{"rendered":"<p>Baroque en f\u00eates :&nbsp;Concert en costumes d&rsquo;\u00e9poque (Lully &#8211; Charpentier &#8211; Bach &#8211; Mondonville). Les plaisirs de Bacchus :&nbsp;Concert en costumes d&rsquo;\u00e9poque Une soir\u00e9e chez Bach (CONCERT ANNUL\u00c9 &#8211; Arr\u00eat\u00e9 pr\u00e9fectoral canicule) Une soir\u00e9e chez Bach Jean Gilles :&nbsp;Requiem &#8211; Jean-Baptiste Lully : Dies Irae Orgue et choeur &#8211; Musique allemande : Bruhns, Bach, Telemann. &hellip; <\/p>\n<p class=\"link-more\"><a href=\"https:\/\/ensembleorfeo.fr\/index.php\/concerts-2022\/\" class=\"more-link\">Continuer la lecture<span class=\"screen-reader-text\"> de &laquo;&nbsp;Concerts 2022&nbsp;&raquo;<\/span><\/a><\/p>\n","protected":false},"author":39,"featured_media":0,"parent":0,"menu_order":0,"comment_status":"closed","ping_status":"closed","template":"","meta":{"footnotes":""},"class_list":["post-4572","page","type-page","status-publish","hentry"],"yoast_head":"<!-- This site is optimized with the Yoast SEO plugin v27.4 - https:\/\/yoast.com\/product\/yoast-seo-wordpress\/ -->\n<title>Concerts 2022 - Ensemble Baroque ORFEO<\/title>\n<meta name=\"robots\" content=\"index, follow, max-snippet:-1, max-image-preview:large, max-video-preview:-1\" \/>\n<link rel=\"canonical\" href=\"https:\/\/ensembleorfeo.fr\/index.php\/concerts-2022\/\" \/>\n<meta property=\"og:locale\" content=\"fr_FR\" \/>\n<meta property=\"og:type\" content=\"article\" \/>\n<meta property=\"og:title\" content=\"Concerts 2022 - Ensemble Baroque ORFEO\" \/>\n<meta property=\"og:description\" content=\"Baroque en f\u00eates :&nbsp;Concert en costumes d&rsquo;\u00e9poque (Lully &#8211; Charpentier &#8211; Bach &#8211; Mondonville). Les plaisirs de Bacchus :&nbsp;Concert en costumes d&rsquo;\u00e9poque Une soir\u00e9e chez Bach (CONCERT ANNUL\u00c9 &#8211; Arr\u00eat\u00e9 pr\u00e9fectoral canicule) Une soir\u00e9e chez Bach Jean Gilles :&nbsp;Requiem &#8211; Jean-Baptiste Lully : Dies Irae Orgue et choeur &#8211; Musique allemande : Bruhns, Bach, Telemann. &hellip; Continuer la lecture de &laquo;&nbsp;Concerts 2022&nbsp;&raquo;\" \/>\n<meta property=\"og:url\" content=\"https:\/\/ensembleorfeo.fr\/index.php\/concerts-2022\/\" \/>\n<meta property=\"og:site_name\" content=\"Ensemble Baroque ORFEO\" \/>\n<meta property=\"article:publisher\" content=\"https:\/\/www.facebook.com\/EnsembleOrfeo\/?eid=ARBaSR5WLVdmM60fRG9yuuJ0b1Yim05jQtqKqDw4YF6tKXNytAcqvv9ptI6tm6sIvwhxDEL7dlWbab1J\" \/>\n<meta property=\"article:modified_time\" content=\"2023-07-27T20:24:57+00:00\" \/>\n<meta property=\"og:image\" content=\"http:\/\/ensembleorfeo.fr\/wp-content\/uploads\/2018\/03\/separateur-60px-300x27.jpg\" \/>\n<meta name=\"twitter:card\" content=\"summary_large_image\" \/>\n<meta name=\"twitter:label1\" content=\"Dur\u00e9e de lecture estim\u00e9e\" \/>\n\t<meta name=\"twitter:data1\" content=\"3 minutes\" \/>\n<script type=\"application\/ld+json\" class=\"yoast-schema-graph\">{\"@context\":\"https:\\\/\\\/schema.org\",\"@graph\":[{\"@type\":\"WebPage\",\"@id\":\"https:\\\/\\\/ensembleorfeo.fr\\\/index.php\\\/concerts-2022\\\/\",\"url\":\"https:\\\/\\\/ensembleorfeo.fr\\\/index.php\\\/concerts-2022\\\/\",\"name\":\"Concerts 2022 - Ensemble Baroque ORFEO\",\"isPartOf\":{\"@id\":\"https:\\\/\\\/ensembleorfeo.fr\\\/#website\"},\"primaryImageOfPage\":{\"@id\":\"https:\\\/\\\/ensembleorfeo.fr\\\/index.php\\\/concerts-2022\\\/#primaryimage\"},\"image\":{\"@id\":\"https:\\\/\\\/ensembleorfeo.fr\\\/index.php\\\/concerts-2022\\\/#primaryimage\"},\"thumbnailUrl\":\"http:\\\/\\\/ensembleorfeo.fr\\\/wp-content\\\/uploads\\\/2018\\\/03\\\/separateur-60px-300x27.jpg\",\"datePublished\":\"2021-11-14T21:55:23+00:00\",\"dateModified\":\"2023-07-27T20:24:57+00:00\",\"breadcrumb\":{\"@id\":\"https:\\\/\\\/ensembleorfeo.fr\\\/index.php\\\/concerts-2022\\\/#breadcrumb\"},\"inLanguage\":\"fr-FR\",\"potentialAction\":[{\"@type\":\"ReadAction\",\"target\":[\"https:\\\/\\\/ensembleorfeo.fr\\\/index.php\\\/concerts-2022\\\/\"]}]},{\"@type\":\"ImageObject\",\"inLanguage\":\"fr-FR\",\"@id\":\"https:\\\/\\\/ensembleorfeo.fr\\\/index.php\\\/concerts-2022\\\/#primaryimage\",\"url\":\"https:\\\/\\\/ensembleorfeo.fr\\\/wp-content\\\/uploads\\\/2018\\\/03\\\/separateur-60px.jpg\",\"contentUrl\":\"https:\\\/\\\/ensembleorfeo.fr\\\/wp-content\\\/uploads\\\/2018\\\/03\\\/separateur-60px.jpg\",\"width\":659,\"height\":60},{\"@type\":\"BreadcrumbList\",\"@id\":\"https:\\\/\\\/ensembleorfeo.fr\\\/index.php\\\/concerts-2022\\\/#breadcrumb\",\"itemListElement\":[{\"@type\":\"ListItem\",\"position\":1,\"name\":\"Accueil\",\"item\":\"https:\\\/\\\/ensembleorfeo.fr\\\/\"},{\"@type\":\"ListItem\",\"position\":2,\"name\":\"Concerts 2022\"}]},{\"@type\":\"WebSite\",\"@id\":\"https:\\\/\\\/ensembleorfeo.fr\\\/#website\",\"url\":\"https:\\\/\\\/ensembleorfeo.fr\\\/\",\"name\":\"Ensemble Baroque Orfeo\",\"description\":\"Direction Fran\u00e7oise Richard\",\"publisher\":{\"@id\":\"https:\\\/\\\/ensembleorfeo.fr\\\/#organization\"},\"potentialAction\":[{\"@type\":\"SearchAction\",\"target\":{\"@type\":\"EntryPoint\",\"urlTemplate\":\"https:\\\/\\\/ensembleorfeo.fr\\\/?s={search_term_string}\"},\"query-input\":{\"@type\":\"PropertyValueSpecification\",\"valueRequired\":true,\"valueName\":\"search_term_string\"}}],\"inLanguage\":\"fr-FR\"},{\"@type\":\"Organization\",\"@id\":\"https:\\\/\\\/ensembleorfeo.fr\\\/#organization\",\"name\":\"Ensemble Baroque Orfeo\",\"url\":\"https:\\\/\\\/ensembleorfeo.fr\\\/\",\"logo\":{\"@type\":\"ImageObject\",\"inLanguage\":\"fr-FR\",\"@id\":\"https:\\\/\\\/ensembleorfeo.fr\\\/#\\\/schema\\\/logo\\\/image\\\/\",\"url\":\"https:\\\/\\\/ensembleorfeo.fr\\\/wp-content\\\/uploads\\\/2018\\\/03\\\/Logo-Orfeo.jpg\",\"contentUrl\":\"https:\\\/\\\/ensembleorfeo.fr\\\/wp-content\\\/uploads\\\/2018\\\/03\\\/Logo-Orfeo.jpg\",\"width\":1671,\"height\":2156,\"caption\":\"Ensemble Baroque Orfeo\"},\"image\":{\"@id\":\"https:\\\/\\\/ensembleorfeo.fr\\\/#\\\/schema\\\/logo\\\/image\\\/\"},\"sameAs\":[\"https:\\\/\\\/www.facebook.com\\\/EnsembleOrfeo\\\/?eid=ARBaSR5WLVdmM60fRG9yuuJ0b1Yim05jQtqKqDw4YF6tKXNytAcqvv9ptI6tm6sIvwhxDEL7dlWbab1J\"]}]}<\/script>\n<!-- \/ Yoast SEO plugin. -->","yoast_head_json":{"title":"Concerts 2022 - Ensemble Baroque ORFEO","robots":{"index":"index","follow":"follow","max-snippet":"max-snippet:-1","max-image-preview":"max-image-preview:large","max-video-preview":"max-video-preview:-1"},"canonical":"https:\/\/ensembleorfeo.fr\/index.php\/concerts-2022\/","og_locale":"fr_FR","og_type":"article","og_title":"Concerts 2022 - Ensemble Baroque ORFEO","og_description":"Baroque en f\u00eates :&nbsp;Concert en costumes d&rsquo;\u00e9poque (Lully &#8211; Charpentier &#8211; Bach &#8211; Mondonville). Les plaisirs de Bacchus :&nbsp;Concert en costumes d&rsquo;\u00e9poque Une soir\u00e9e chez Bach (CONCERT ANNUL\u00c9 &#8211; Arr\u00eat\u00e9 pr\u00e9fectoral canicule) Une soir\u00e9e chez Bach Jean Gilles :&nbsp;Requiem &#8211; Jean-Baptiste Lully : Dies Irae Orgue et choeur &#8211; Musique allemande : Bruhns, Bach, Telemann. &hellip; Continuer la lecture de &laquo;&nbsp;Concerts 2022&nbsp;&raquo;","og_url":"https:\/\/ensembleorfeo.fr\/index.php\/concerts-2022\/","og_site_name":"Ensemble Baroque ORFEO","article_publisher":"https:\/\/www.facebook.com\/EnsembleOrfeo\/?eid=ARBaSR5WLVdmM60fRG9yuuJ0b1Yim05jQtqKqDw4YF6tKXNytAcqvv9ptI6tm6sIvwhxDEL7dlWbab1J","article_modified_time":"2023-07-27T20:24:57+00:00","og_image":[{"url":"http:\/\/ensembleorfeo.fr\/wp-content\/uploads\/2018\/03\/separateur-60px-300x27.jpg","type":"","width":"","height":""}],"twitter_card":"summary_large_image","twitter_misc":{"Dur\u00e9e de lecture estim\u00e9e":"3 minutes"},"schema":{"@context":"https:\/\/schema.org","@graph":[{"@type":"WebPage","@id":"https:\/\/ensembleorfeo.fr\/index.php\/concerts-2022\/","url":"https:\/\/ensembleorfeo.fr\/index.php\/concerts-2022\/","name":"Concerts 2022 - Ensemble Baroque ORFEO","isPartOf":{"@id":"https:\/\/ensembleorfeo.fr\/#website"},"primaryImageOfPage":{"@id":"https:\/\/ensembleorfeo.fr\/index.php\/concerts-2022\/#primaryimage"},"image":{"@id":"https:\/\/ensembleorfeo.fr\/index.php\/concerts-2022\/#primaryimage"},"thumbnailUrl":"http:\/\/ensembleorfeo.fr\/wp-content\/uploads\/2018\/03\/separateur-60px-300x27.jpg","datePublished":"2021-11-14T21:55:23+00:00","dateModified":"2023-07-27T20:24:57+00:00","breadcrumb":{"@id":"https:\/\/ensembleorfeo.fr\/index.php\/concerts-2022\/#breadcrumb"},"inLanguage":"fr-FR","potentialAction":[{"@type":"ReadAction","target":["https:\/\/ensembleorfeo.fr\/index.php\/concerts-2022\/"]}]},{"@type":"ImageObject","inLanguage":"fr-FR","@id":"https:\/\/ensembleorfeo.fr\/index.php\/concerts-2022\/#primaryimage","url":"https:\/\/ensembleorfeo.fr\/wp-content\/uploads\/2018\/03\/separateur-60px.jpg","contentUrl":"https:\/\/ensembleorfeo.fr\/wp-content\/uploads\/2018\/03\/separateur-60px.jpg","width":659,"height":60},{"@type":"BreadcrumbList","@id":"https:\/\/ensembleorfeo.fr\/index.php\/concerts-2022\/#breadcrumb","itemListElement":[{"@type":"ListItem","position":1,"name":"Accueil","item":"https:\/\/ensembleorfeo.fr\/"},{"@type":"ListItem","position":2,"name":"Concerts 2022"}]},{"@type":"WebSite","@id":"https:\/\/ensembleorfeo.fr\/#website","url":"https:\/\/ensembleorfeo.fr\/","name":"Ensemble Baroque Orfeo","description":"Direction Fran\u00e7oise Richard","publisher":{"@id":"https:\/\/ensembleorfeo.fr\/#organization"},"potentialAction":[{"@type":"SearchAction","target":{"@type":"EntryPoint","urlTemplate":"https:\/\/ensembleorfeo.fr\/?s={search_term_string}"},"query-input":{"@type":"PropertyValueSpecification","valueRequired":true,"valueName":"search_term_string"}}],"inLanguage":"fr-FR"},{"@type":"Organization","@id":"https:\/\/ensembleorfeo.fr\/#organization","name":"Ensemble Baroque Orfeo","url":"https:\/\/ensembleorfeo.fr\/","logo":{"@type":"ImageObject","inLanguage":"fr-FR","@id":"https:\/\/ensembleorfeo.fr\/#\/schema\/logo\/image\/","url":"https:\/\/ensembleorfeo.fr\/wp-content\/uploads\/2018\/03\/Logo-Orfeo.jpg","contentUrl":"https:\/\/ensembleorfeo.fr\/wp-content\/uploads\/2018\/03\/Logo-Orfeo.jpg","width":1671,"height":2156,"caption":"Ensemble Baroque Orfeo"},"image":{"@id":"https:\/\/ensembleorfeo.fr\/#\/schema\/logo\/image\/"},"sameAs":["https:\/\/www.facebook.com\/EnsembleOrfeo\/?eid=ARBaSR5WLVdmM60fRG9yuuJ0b1Yim05jQtqKqDw4YF6tKXNytAcqvv9ptI6tm6sIvwhxDEL7dlWbab1J"]}]}},"_links":{"self":[{"href":"https:\/\/ensembleorfeo.fr\/index.php\/wp-json\/wp\/v2\/pages\/4572","targetHints":{"allow":["GET"]}}],"collection":[{"href":"https:\/\/ensembleorfeo.fr\/index.php\/wp-json\/wp\/v2\/pages"}],"about":[{"href":"https:\/\/ensembleorfeo.fr\/index.php\/wp-json\/wp\/v2\/types\/page"}],"author":[{"embeddable":true,"href":"https:\/\/ensembleorfeo.fr\/index.php\/wp-json\/wp\/v2\/users\/39"}],"replies":[{"embeddable":true,"href":"https:\/\/ensembleorfeo.fr\/index.php\/wp-json\/wp\/v2\/comments?post=4572"}],"version-history":[{"count":18,"href":"https:\/\/ensembleorfeo.fr\/index.php\/wp-json\/wp\/v2\/pages\/4572\/revisions"}],"predecessor-version":[{"id":4943,"href":"https:\/\/ensembleorfeo.fr\/index.php\/wp-json\/wp\/v2\/pages\/4572\/revisions\/4943"}],"wp:attachment":[{"href":"https:\/\/ensembleorfeo.fr\/index.php\/wp-json\/wp\/v2\/media?parent=4572"}],"curies":[{"name":"wp","href":"https:\/\/api.w.org\/{rel}","templated":true}]}}