{"id":5279,"date":"2025-02-06T12:23:40","date_gmt":"2025-02-06T11:23:40","guid":{"rendered":"https:\/\/ensembleorfeo.fr\/?page_id=5279"},"modified":"2025-12-27T20:40:47","modified_gmt":"2025-12-27T19:40:47","slug":"concerts-2025","status":"publish","type":"page","link":"https:\/\/ensembleorfeo.fr\/index.php\/concerts-2025\/","title":{"rendered":"Concerts 2025"},"content":{"rendered":"Vous devez \u00eatre connect\u00e9 pour voir ce contenu.","protected":false},"excerpt":{"rendered":"Vous devez \u00eatre connect\u00e9 pour voir ce contenu.","protected":false},"author":39,"featured_media":0,"parent":0,"menu_order":0,"comment_status":"closed","ping_status":"closed","template":"","meta":{"footnotes":""},"class_list":["post-5279","page","type-page","status-publish","hentry"],"yoast_head":"<!-- This site is optimized with the Yoast SEO plugin v27.5 - https:\/\/yoast.com\/product\/yoast-seo-wordpress\/ -->\n<title>Concerts 2025 - Ensemble Baroque ORFEO<\/title>\n<meta name=\"robots\" content=\"index, follow, max-snippet:-1, max-image-preview:large, max-video-preview:-1\" \/>\n<link rel=\"canonical\" href=\"https:\/\/ensembleorfeo.fr\/index.php\/concerts-2025\/\" \/>\n<meta property=\"og:locale\" content=\"fr_FR\" \/>\n<meta property=\"og:type\" content=\"article\" \/>\n<meta property=\"og:title\" content=\"Concerts 2025 - Ensemble Baroque ORFEO\" \/>\n<meta property=\"og:description\" content=\"\u00ab\u00a0Les voix de la M\u00e9diterran\u00e9e\u00a0\u00bb Musiques savantes et populaires d&rsquo;Espagne, Provence, Corse et Italie, de Victoria \u00e0 Scarlatti. \u00ab\u00a0Animation scolaire sur la voix baroque\u00a0\u00bb &#8211; Action culturelle du Rectorat de Bordeaux \u00ab\u00a0Les ma\u00eetres baroques\u00a0\u00bb &#8211; Organis\u00e9 par l&rsquo;association \u00e9tudiante \u00ab\u00a0Ars Gallica\u00a0\u00bb. Avec Martin Trembemande, orgue. \u00ab\u00a0De Venise \u00e0 Leipzig\u00a0\u00bb. Oeuvres pour choeur et instruments anciens &hellip; Continuer la lecture de &laquo;&nbsp;Concerts 2025&nbsp;&raquo;\" \/>\n<meta property=\"og:url\" content=\"https:\/\/ensembleorfeo.fr\/index.php\/concerts-2025\/\" \/>\n<meta property=\"og:site_name\" content=\"Ensemble Baroque ORFEO\" \/>\n<meta property=\"article:publisher\" content=\"https:\/\/www.facebook.com\/EnsembleOrfeo\/?eid=ARBaSR5WLVdmM60fRG9yuuJ0b1Yim05jQtqKqDw4YF6tKXNytAcqvv9ptI6tm6sIvwhxDEL7dlWbab1J\" \/>\n<meta property=\"article:modified_time\" content=\"2025-12-27T19:40:47+00:00\" \/>\n<meta property=\"og:image\" content=\"https:\/\/ensembleorfeo.fr\/wp-content\/uploads\/2018\/03\/separateur-60px.jpg\" \/>\n\t<meta property=\"og:image:width\" content=\"659\" \/>\n\t<meta property=\"og:image:height\" content=\"60\" \/>\n\t<meta property=\"og:image:type\" content=\"image\/jpeg\" \/>\n<meta name=\"twitter:card\" content=\"summary_large_image\" \/>\n<meta name=\"twitter:label1\" content=\"Dur\u00e9e de lecture estim\u00e9e\" \/>\n\t<meta name=\"twitter:data1\" content=\"3 minutes\" \/>\n<script type=\"application\/ld+json\" class=\"yoast-schema-graph\">{\"@context\":\"https:\\\/\\\/schema.org\",\"@graph\":[{\"@type\":\"WebPage\",\"@id\":\"https:\\\/\\\/ensembleorfeo.fr\\\/index.php\\\/concerts-2025\\\/\",\"url\":\"https:\\\/\\\/ensembleorfeo.fr\\\/index.php\\\/concerts-2025\\\/\",\"name\":\"Concerts 2025 - Ensemble Baroque ORFEO\",\"isPartOf\":{\"@id\":\"https:\\\/\\\/ensembleorfeo.fr\\\/#website\"},\"primaryImageOfPage\":{\"@id\":\"https:\\\/\\\/ensembleorfeo.fr\\\/index.php\\\/concerts-2025\\\/#primaryimage\"},\"image\":{\"@id\":\"https:\\\/\\\/ensembleorfeo.fr\\\/index.php\\\/concerts-2025\\\/#primaryimage\"},\"thumbnailUrl\":\"http:\\\/\\\/ensembleorfeo.fr\\\/wp-content\\\/uploads\\\/2018\\\/03\\\/separateur-60px-300x27.jpg\",\"datePublished\":\"2025-02-06T11:23:40+00:00\",\"dateModified\":\"2025-12-27T19:40:47+00:00\",\"breadcrumb\":{\"@id\":\"https:\\\/\\\/ensembleorfeo.fr\\\/index.php\\\/concerts-2025\\\/#breadcrumb\"},\"inLanguage\":\"fr-FR\",\"potentialAction\":[{\"@type\":\"ReadAction\",\"target\":[\"https:\\\/\\\/ensembleorfeo.fr\\\/index.php\\\/concerts-2025\\\/\"]}]},{\"@type\":\"ImageObject\",\"inLanguage\":\"fr-FR\",\"@id\":\"https:\\\/\\\/ensembleorfeo.fr\\\/index.php\\\/concerts-2025\\\/#primaryimage\",\"url\":\"https:\\\/\\\/ensembleorfeo.fr\\\/wp-content\\\/uploads\\\/2018\\\/03\\\/separateur-60px.jpg\",\"contentUrl\":\"https:\\\/\\\/ensembleorfeo.fr\\\/wp-content\\\/uploads\\\/2018\\\/03\\\/separateur-60px.jpg\",\"width\":659,\"height\":60},{\"@type\":\"BreadcrumbList\",\"@id\":\"https:\\\/\\\/ensembleorfeo.fr\\\/index.php\\\/concerts-2025\\\/#breadcrumb\",\"itemListElement\":[{\"@type\":\"ListItem\",\"position\":1,\"name\":\"Accueil\",\"item\":\"https:\\\/\\\/ensembleorfeo.fr\\\/\"},{\"@type\":\"ListItem\",\"position\":2,\"name\":\"Concerts 2025\"}]},{\"@type\":\"WebSite\",\"@id\":\"https:\\\/\\\/ensembleorfeo.fr\\\/#website\",\"url\":\"https:\\\/\\\/ensembleorfeo.fr\\\/\",\"name\":\"Ensemble Baroque Orfeo\",\"description\":\"Direction Fran\u00e7oise Richard\",\"publisher\":{\"@id\":\"https:\\\/\\\/ensembleorfeo.fr\\\/#organization\"},\"potentialAction\":[{\"@type\":\"SearchAction\",\"target\":{\"@type\":\"EntryPoint\",\"urlTemplate\":\"https:\\\/\\\/ensembleorfeo.fr\\\/?s={search_term_string}\"},\"query-input\":{\"@type\":\"PropertyValueSpecification\",\"valueRequired\":true,\"valueName\":\"search_term_string\"}}],\"inLanguage\":\"fr-FR\"},{\"@type\":\"Organization\",\"@id\":\"https:\\\/\\\/ensembleorfeo.fr\\\/#organization\",\"name\":\"Ensemble Baroque Orfeo\",\"url\":\"https:\\\/\\\/ensembleorfeo.fr\\\/\",\"logo\":{\"@type\":\"ImageObject\",\"inLanguage\":\"fr-FR\",\"@id\":\"https:\\\/\\\/ensembleorfeo.fr\\\/#\\\/schema\\\/logo\\\/image\\\/\",\"url\":\"https:\\\/\\\/ensembleorfeo.fr\\\/wp-content\\\/uploads\\\/2018\\\/03\\\/Logo-Orfeo.jpg\",\"contentUrl\":\"https:\\\/\\\/ensembleorfeo.fr\\\/wp-content\\\/uploads\\\/2018\\\/03\\\/Logo-Orfeo.jpg\",\"width\":1671,\"height\":2156,\"caption\":\"Ensemble Baroque Orfeo\"},\"image\":{\"@id\":\"https:\\\/\\\/ensembleorfeo.fr\\\/#\\\/schema\\\/logo\\\/image\\\/\"},\"sameAs\":[\"https:\\\/\\\/www.facebook.com\\\/EnsembleOrfeo\\\/?eid=ARBaSR5WLVdmM60fRG9yuuJ0b1Yim05jQtqKqDw4YF6tKXNytAcqvv9ptI6tm6sIvwhxDEL7dlWbab1J\"]}]}<\/script>\n<!-- \/ Yoast SEO plugin. -->","yoast_head_json":{"title":"Concerts 2025 - Ensemble Baroque ORFEO","robots":{"index":"index","follow":"follow","max-snippet":"max-snippet:-1","max-image-preview":"max-image-preview:large","max-video-preview":"max-video-preview:-1"},"canonical":"https:\/\/ensembleorfeo.fr\/index.php\/concerts-2025\/","og_locale":"fr_FR","og_type":"article","og_title":"Concerts 2025 - Ensemble Baroque ORFEO","og_description":"\u00ab\u00a0Les voix de la M\u00e9diterran\u00e9e\u00a0\u00bb Musiques savantes et populaires d&rsquo;Espagne, Provence, Corse et Italie, de Victoria \u00e0 Scarlatti. \u00ab\u00a0Animation scolaire sur la voix baroque\u00a0\u00bb &#8211; Action culturelle du Rectorat de Bordeaux \u00ab\u00a0Les ma\u00eetres baroques\u00a0\u00bb &#8211; Organis\u00e9 par l&rsquo;association \u00e9tudiante \u00ab\u00a0Ars Gallica\u00a0\u00bb. Avec Martin Trembemande, orgue. \u00ab\u00a0De Venise \u00e0 Leipzig\u00a0\u00bb. Oeuvres pour choeur et instruments anciens &hellip; Continuer la lecture de &laquo;&nbsp;Concerts 2025&nbsp;&raquo;","og_url":"https:\/\/ensembleorfeo.fr\/index.php\/concerts-2025\/","og_site_name":"Ensemble Baroque ORFEO","article_publisher":"https:\/\/www.facebook.com\/EnsembleOrfeo\/?eid=ARBaSR5WLVdmM60fRG9yuuJ0b1Yim05jQtqKqDw4YF6tKXNytAcqvv9ptI6tm6sIvwhxDEL7dlWbab1J","article_modified_time":"2025-12-27T19:40:47+00:00","og_image":[{"width":659,"height":60,"url":"https:\/\/ensembleorfeo.fr\/wp-content\/uploads\/2018\/03\/separateur-60px.jpg","type":"image\/jpeg"}],"twitter_card":"summary_large_image","twitter_misc":{"Dur\u00e9e de lecture estim\u00e9e":"3 minutes"},"schema":{"@context":"https:\/\/schema.org","@graph":[{"@type":"WebPage","@id":"https:\/\/ensembleorfeo.fr\/index.php\/concerts-2025\/","url":"https:\/\/ensembleorfeo.fr\/index.php\/concerts-2025\/","name":"Concerts 2025 - Ensemble Baroque ORFEO","isPartOf":{"@id":"https:\/\/ensembleorfeo.fr\/#website"},"primaryImageOfPage":{"@id":"https:\/\/ensembleorfeo.fr\/index.php\/concerts-2025\/#primaryimage"},"image":{"@id":"https:\/\/ensembleorfeo.fr\/index.php\/concerts-2025\/#primaryimage"},"thumbnailUrl":"http:\/\/ensembleorfeo.fr\/wp-content\/uploads\/2018\/03\/separateur-60px-300x27.jpg","datePublished":"2025-02-06T11:23:40+00:00","dateModified":"2025-12-27T19:40:47+00:00","breadcrumb":{"@id":"https:\/\/ensembleorfeo.fr\/index.php\/concerts-2025\/#breadcrumb"},"inLanguage":"fr-FR","potentialAction":[{"@type":"ReadAction","target":["https:\/\/ensembleorfeo.fr\/index.php\/concerts-2025\/"]}]},{"@type":"ImageObject","inLanguage":"fr-FR","@id":"https:\/\/ensembleorfeo.fr\/index.php\/concerts-2025\/#primaryimage","url":"https:\/\/ensembleorfeo.fr\/wp-content\/uploads\/2018\/03\/separateur-60px.jpg","contentUrl":"https:\/\/ensembleorfeo.fr\/wp-content\/uploads\/2018\/03\/separateur-60px.jpg","width":659,"height":60},{"@type":"BreadcrumbList","@id":"https:\/\/ensembleorfeo.fr\/index.php\/concerts-2025\/#breadcrumb","itemListElement":[{"@type":"ListItem","position":1,"name":"Accueil","item":"https:\/\/ensembleorfeo.fr\/"},{"@type":"ListItem","position":2,"name":"Concerts 2025"}]},{"@type":"WebSite","@id":"https:\/\/ensembleorfeo.fr\/#website","url":"https:\/\/ensembleorfeo.fr\/","name":"Ensemble Baroque Orfeo","description":"Direction Fran\u00e7oise Richard","publisher":{"@id":"https:\/\/ensembleorfeo.fr\/#organization"},"potentialAction":[{"@type":"SearchAction","target":{"@type":"EntryPoint","urlTemplate":"https:\/\/ensembleorfeo.fr\/?s={search_term_string}"},"query-input":{"@type":"PropertyValueSpecification","valueRequired":true,"valueName":"search_term_string"}}],"inLanguage":"fr-FR"},{"@type":"Organization","@id":"https:\/\/ensembleorfeo.fr\/#organization","name":"Ensemble Baroque Orfeo","url":"https:\/\/ensembleorfeo.fr\/","logo":{"@type":"ImageObject","inLanguage":"fr-FR","@id":"https:\/\/ensembleorfeo.fr\/#\/schema\/logo\/image\/","url":"https:\/\/ensembleorfeo.fr\/wp-content\/uploads\/2018\/03\/Logo-Orfeo.jpg","contentUrl":"https:\/\/ensembleorfeo.fr\/wp-content\/uploads\/2018\/03\/Logo-Orfeo.jpg","width":1671,"height":2156,"caption":"Ensemble Baroque Orfeo"},"image":{"@id":"https:\/\/ensembleorfeo.fr\/#\/schema\/logo\/image\/"},"sameAs":["https:\/\/www.facebook.com\/EnsembleOrfeo\/?eid=ARBaSR5WLVdmM60fRG9yuuJ0b1Yim05jQtqKqDw4YF6tKXNytAcqvv9ptI6tm6sIvwhxDEL7dlWbab1J"]}]}},"_links":{"self":[{"href":"https:\/\/ensembleorfeo.fr\/index.php\/wp-json\/wp\/v2\/pages\/5279","targetHints":{"allow":["GET"]}}],"collection":[{"href":"https:\/\/ensembleorfeo.fr\/index.php\/wp-json\/wp\/v2\/pages"}],"about":[{"href":"https:\/\/ensembleorfeo.fr\/index.php\/wp-json\/wp\/v2\/types\/page"}],"author":[{"embeddable":true,"href":"https:\/\/ensembleorfeo.fr\/index.php\/wp-json\/wp\/v2\/users\/39"}],"replies":[{"embeddable":true,"href":"https:\/\/ensembleorfeo.fr\/index.php\/wp-json\/wp\/v2\/comments?post=5279"}],"version-history":[{"count":4,"href":"https:\/\/ensembleorfeo.fr\/index.php\/wp-json\/wp\/v2\/pages\/5279\/revisions"}],"predecessor-version":[{"id":5379,"href":"https:\/\/ensembleorfeo.fr\/index.php\/wp-json\/wp\/v2\/pages\/5279\/revisions\/5379"}],"wp:attachment":[{"href":"https:\/\/ensembleorfeo.fr\/index.php\/wp-json\/wp\/v2\/media?parent=5279"}],"curies":[{"name":"wp","href":"https:\/\/api.w.org\/{rel}","templated":true}]}}