{"id":59,"date":"2017-09-15T23:53:58","date_gmt":"2017-09-15T21:53:58","guid":{"rendered":"http:\/\/exoneration-taxe-habitation.fr\/?page_id=8"},"modified":"2020-01-20T11:05:15","modified_gmt":"2020-01-20T10:05:15","slug":"a-propos-de","status":"publish","type":"page","link":"https:\/\/ensembleorfeo.fr\/index.php\/a-propos-de\/","title":{"rendered":"L&rsquo;ensemble baroque Orfeo"},"content":{"rendered":"<p style=\"text-align: justify;\"><strong>L&rsquo;Ensemble baroque ORFEO\u00a0: un groupe unique<\/strong><\/p>\n<p style=\"text-align: justify;\">Petit ensemble qui ne ressemble \u00e0 personne\u00a0: 18 tr\u00e8s bons chanteurs amateurs, jolies voix, \u00e9nergie et le bon style, et parmi eux plusieurs solistes.<\/p>\n<p style=\"text-align: justify;\">Orfeo collabore avec les meilleurs\u00a0 instrumentistes professionnels r\u00e9gionaux, sp\u00e9cialistes du baroque, dont les enseignants du D\u00e9partement Musique ancienne au Conservatoire de Bordeaux..<\/p>\n<p style=\"text-align: justify;\"><strong>Depuis 1987<\/strong><\/p>\n<p style=\"text-align: justify;\">Le baroque \u00e9tait encore terre inconnue dans le Sud-Ouest quand Fran\u00e7oise Richard a fond\u00e9 Orfeo, qu\u2019elle dirige toujours et qui est devenu une r\u00e9f\u00e9rence respect\u00e9e. Qualit\u00e9 des voix, l\u00e9g\u00e9ret\u00e9 de l\u2019effectif, partenariat avec les meilleurs instrumentistes, la recette a plu et s\u2019est laiss\u00e9 d\u00e9guster par un public tout heureux d\u2019appr\u00e9cier des musiques qu\u2019il ignorait compl\u00e8tement la veille.<\/p>\n<p style=\"text-align: justify;\"><strong>De l\u2019ancien tout nouveau<\/strong><\/p>\n<p style=\"text-align: justify;\">Chaque ann\u00e9e de son existence, Orfeo a fait entendre des \u0153uvres rares, voire compl\u00e8tement inconnues, \u00e9mouvantes, comiques, aust\u00e8res, festives. Aucun autre ch\u0153ur r\u00e9gional ne peut aligner un si vaste r\u00e9pertoire qui fait voyager l\u2019auditeur de Venise \u00e0 Cuba, de Prague \u00e0 Porto ou de Versailles \u00e0 Madrid et m\u00eame P\u00e9kin!.<\/p>\n<p style=\"text-align: justify;\"><strong>Le pass\u00e9 donn\u00e9 \u00e0 tous<\/strong><\/p>\n<p style=\"text-align: justify;\">On disait jadis la musique ancienne difficile et herm\u00e9tique. Les go\u00fbteux programmes Orfeo ont ouvert les oreilles \u00e0 des musiques de plaisir ou d\u2019\u00e9motion, choisies avec soin pour r\u00e9galer tous les publics et transmettre curiosit\u00e9 et exigence. Pas de lourde masse mais des chanteurs enthousiastes et engag\u00e9s, voil\u00e0 qui soul\u00e8ve la poussi\u00e8re des manuscrits et fait danser les partitions endormies.<\/p>\n","protected":false},"excerpt":{"rendered":"<p>L&rsquo;Ensemble baroque ORFEO\u00a0: un groupe unique Petit ensemble qui ne ressemble \u00e0 personne\u00a0: 18 tr\u00e8s bons chanteurs amateurs, jolies voix, \u00e9nergie et le bon style, et parmi eux plusieurs solistes. Orfeo collabore avec les meilleurs\u00a0 instrumentistes professionnels r\u00e9gionaux, sp\u00e9cialistes du baroque, dont les enseignants du D\u00e9partement Musique ancienne au Conservatoire de Bordeaux.. Depuis 1987 Le &hellip; <\/p>\n<p class=\"link-more\"><a href=\"https:\/\/ensembleorfeo.fr\/index.php\/a-propos-de\/\" class=\"more-link\">Continuer la lecture<span class=\"screen-reader-text\"> de &laquo;&nbsp;L&rsquo;ensemble baroque Orfeo&nbsp;&raquo;<\/span><\/a><\/p>\n","protected":false},"author":40,"featured_media":0,"parent":0,"menu_order":0,"comment_status":"closed","ping_status":"closed","template":"","meta":{"footnotes":""},"class_list":["post-59","page","type-page","status-publish","hentry"],"yoast_head":"<!-- This site is optimized with the Yoast SEO plugin v27.4 - https:\/\/yoast.com\/product\/yoast-seo-wordpress\/ -->\n<title>L&#039;ensemble baroque Orfeo - Ensemble Baroque ORFEO<\/title>\n<meta name=\"robots\" content=\"index, follow, max-snippet:-1, max-image-preview:large, max-video-preview:-1\" \/>\n<link rel=\"canonical\" href=\"https:\/\/ensembleorfeo.fr\/index.php\/a-propos-de\/\" \/>\n<meta property=\"og:locale\" content=\"fr_FR\" \/>\n<meta property=\"og:type\" content=\"article\" \/>\n<meta property=\"og:title\" content=\"L&#039;ensemble baroque Orfeo - Ensemble Baroque ORFEO\" \/>\n<meta property=\"og:description\" content=\"L&rsquo;Ensemble baroque ORFEO\u00a0: un groupe unique Petit ensemble qui ne ressemble \u00e0 personne\u00a0: 18 tr\u00e8s bons chanteurs amateurs, jolies voix, \u00e9nergie et le bon style, et parmi eux plusieurs solistes. Orfeo collabore avec les meilleurs\u00a0 instrumentistes professionnels r\u00e9gionaux, sp\u00e9cialistes du baroque, dont les enseignants du D\u00e9partement Musique ancienne au Conservatoire de Bordeaux.. Depuis 1987 Le &hellip; Continuer la lecture de &laquo;&nbsp;L&rsquo;ensemble baroque Orfeo&nbsp;&raquo;\" \/>\n<meta property=\"og:url\" content=\"https:\/\/ensembleorfeo.fr\/index.php\/a-propos-de\/\" \/>\n<meta property=\"og:site_name\" content=\"Ensemble Baroque ORFEO\" \/>\n<meta property=\"article:publisher\" content=\"https:\/\/www.facebook.com\/EnsembleOrfeo\/?eid=ARBaSR5WLVdmM60fRG9yuuJ0b1Yim05jQtqKqDw4YF6tKXNytAcqvv9ptI6tm6sIvwhxDEL7dlWbab1J\" \/>\n<meta property=\"article:modified_time\" content=\"2020-01-20T10:05:15+00:00\" \/>\n<meta name=\"twitter:card\" content=\"summary_large_image\" \/>\n<meta name=\"twitter:label1\" content=\"Dur\u00e9e de lecture estim\u00e9e\" \/>\n\t<meta name=\"twitter:data1\" content=\"1 minute\" \/>\n<script type=\"application\/ld+json\" class=\"yoast-schema-graph\">{\"@context\":\"https:\\\/\\\/schema.org\",\"@graph\":[{\"@type\":\"WebPage\",\"@id\":\"https:\\\/\\\/ensembleorfeo.fr\\\/index.php\\\/a-propos-de\\\/\",\"url\":\"https:\\\/\\\/ensembleorfeo.fr\\\/index.php\\\/a-propos-de\\\/\",\"name\":\"L'ensemble baroque Orfeo - Ensemble Baroque ORFEO\",\"isPartOf\":{\"@id\":\"https:\\\/\\\/ensembleorfeo.fr\\\/#website\"},\"datePublished\":\"2017-09-15T21:53:58+00:00\",\"dateModified\":\"2020-01-20T10:05:15+00:00\",\"breadcrumb\":{\"@id\":\"https:\\\/\\\/ensembleorfeo.fr\\\/index.php\\\/a-propos-de\\\/#breadcrumb\"},\"inLanguage\":\"fr-FR\",\"potentialAction\":[{\"@type\":\"ReadAction\",\"target\":[\"https:\\\/\\\/ensembleorfeo.fr\\\/index.php\\\/a-propos-de\\\/\"]}]},{\"@type\":\"BreadcrumbList\",\"@id\":\"https:\\\/\\\/ensembleorfeo.fr\\\/index.php\\\/a-propos-de\\\/#breadcrumb\",\"itemListElement\":[{\"@type\":\"ListItem\",\"position\":1,\"name\":\"Accueil\",\"item\":\"https:\\\/\\\/ensembleorfeo.fr\\\/\"},{\"@type\":\"ListItem\",\"position\":2,\"name\":\"L&#8217;ensemble baroque Orfeo\"}]},{\"@type\":\"WebSite\",\"@id\":\"https:\\\/\\\/ensembleorfeo.fr\\\/#website\",\"url\":\"https:\\\/\\\/ensembleorfeo.fr\\\/\",\"name\":\"Ensemble Baroque Orfeo\",\"description\":\"Direction Fran\u00e7oise Richard\",\"publisher\":{\"@id\":\"https:\\\/\\\/ensembleorfeo.fr\\\/#organization\"},\"potentialAction\":[{\"@type\":\"SearchAction\",\"target\":{\"@type\":\"EntryPoint\",\"urlTemplate\":\"https:\\\/\\\/ensembleorfeo.fr\\\/?s={search_term_string}\"},\"query-input\":{\"@type\":\"PropertyValueSpecification\",\"valueRequired\":true,\"valueName\":\"search_term_string\"}}],\"inLanguage\":\"fr-FR\"},{\"@type\":\"Organization\",\"@id\":\"https:\\\/\\\/ensembleorfeo.fr\\\/#organization\",\"name\":\"Ensemble Baroque Orfeo\",\"url\":\"https:\\\/\\\/ensembleorfeo.fr\\\/\",\"logo\":{\"@type\":\"ImageObject\",\"inLanguage\":\"fr-FR\",\"@id\":\"https:\\\/\\\/ensembleorfeo.fr\\\/#\\\/schema\\\/logo\\\/image\\\/\",\"url\":\"https:\\\/\\\/ensembleorfeo.fr\\\/wp-content\\\/uploads\\\/2018\\\/03\\\/Logo-Orfeo.jpg\",\"contentUrl\":\"https:\\\/\\\/ensembleorfeo.fr\\\/wp-content\\\/uploads\\\/2018\\\/03\\\/Logo-Orfeo.jpg\",\"width\":1671,\"height\":2156,\"caption\":\"Ensemble Baroque Orfeo\"},\"image\":{\"@id\":\"https:\\\/\\\/ensembleorfeo.fr\\\/#\\\/schema\\\/logo\\\/image\\\/\"},\"sameAs\":[\"https:\\\/\\\/www.facebook.com\\\/EnsembleOrfeo\\\/?eid=ARBaSR5WLVdmM60fRG9yuuJ0b1Yim05jQtqKqDw4YF6tKXNytAcqvv9ptI6tm6sIvwhxDEL7dlWbab1J\"]}]}<\/script>\n<!-- \/ Yoast SEO plugin. -->","yoast_head_json":{"title":"L'ensemble baroque Orfeo - Ensemble Baroque ORFEO","robots":{"index":"index","follow":"follow","max-snippet":"max-snippet:-1","max-image-preview":"max-image-preview:large","max-video-preview":"max-video-preview:-1"},"canonical":"https:\/\/ensembleorfeo.fr\/index.php\/a-propos-de\/","og_locale":"fr_FR","og_type":"article","og_title":"L'ensemble baroque Orfeo - Ensemble Baroque ORFEO","og_description":"L&rsquo;Ensemble baroque ORFEO\u00a0: un groupe unique Petit ensemble qui ne ressemble \u00e0 personne\u00a0: 18 tr\u00e8s bons chanteurs amateurs, jolies voix, \u00e9nergie et le bon style, et parmi eux plusieurs solistes. Orfeo collabore avec les meilleurs\u00a0 instrumentistes professionnels r\u00e9gionaux, sp\u00e9cialistes du baroque, dont les enseignants du D\u00e9partement Musique ancienne au Conservatoire de Bordeaux.. Depuis 1987 Le &hellip; Continuer la lecture de &laquo;&nbsp;L&rsquo;ensemble baroque Orfeo&nbsp;&raquo;","og_url":"https:\/\/ensembleorfeo.fr\/index.php\/a-propos-de\/","og_site_name":"Ensemble Baroque ORFEO","article_publisher":"https:\/\/www.facebook.com\/EnsembleOrfeo\/?eid=ARBaSR5WLVdmM60fRG9yuuJ0b1Yim05jQtqKqDw4YF6tKXNytAcqvv9ptI6tm6sIvwhxDEL7dlWbab1J","article_modified_time":"2020-01-20T10:05:15+00:00","twitter_card":"summary_large_image","twitter_misc":{"Dur\u00e9e de lecture estim\u00e9e":"1 minute"},"schema":{"@context":"https:\/\/schema.org","@graph":[{"@type":"WebPage","@id":"https:\/\/ensembleorfeo.fr\/index.php\/a-propos-de\/","url":"https:\/\/ensembleorfeo.fr\/index.php\/a-propos-de\/","name":"L'ensemble baroque Orfeo - Ensemble Baroque ORFEO","isPartOf":{"@id":"https:\/\/ensembleorfeo.fr\/#website"},"datePublished":"2017-09-15T21:53:58+00:00","dateModified":"2020-01-20T10:05:15+00:00","breadcrumb":{"@id":"https:\/\/ensembleorfeo.fr\/index.php\/a-propos-de\/#breadcrumb"},"inLanguage":"fr-FR","potentialAction":[{"@type":"ReadAction","target":["https:\/\/ensembleorfeo.fr\/index.php\/a-propos-de\/"]}]},{"@type":"BreadcrumbList","@id":"https:\/\/ensembleorfeo.fr\/index.php\/a-propos-de\/#breadcrumb","itemListElement":[{"@type":"ListItem","position":1,"name":"Accueil","item":"https:\/\/ensembleorfeo.fr\/"},{"@type":"ListItem","position":2,"name":"L&#8217;ensemble baroque Orfeo"}]},{"@type":"WebSite","@id":"https:\/\/ensembleorfeo.fr\/#website","url":"https:\/\/ensembleorfeo.fr\/","name":"Ensemble Baroque Orfeo","description":"Direction Fran\u00e7oise Richard","publisher":{"@id":"https:\/\/ensembleorfeo.fr\/#organization"},"potentialAction":[{"@type":"SearchAction","target":{"@type":"EntryPoint","urlTemplate":"https:\/\/ensembleorfeo.fr\/?s={search_term_string}"},"query-input":{"@type":"PropertyValueSpecification","valueRequired":true,"valueName":"search_term_string"}}],"inLanguage":"fr-FR"},{"@type":"Organization","@id":"https:\/\/ensembleorfeo.fr\/#organization","name":"Ensemble Baroque Orfeo","url":"https:\/\/ensembleorfeo.fr\/","logo":{"@type":"ImageObject","inLanguage":"fr-FR","@id":"https:\/\/ensembleorfeo.fr\/#\/schema\/logo\/image\/","url":"https:\/\/ensembleorfeo.fr\/wp-content\/uploads\/2018\/03\/Logo-Orfeo.jpg","contentUrl":"https:\/\/ensembleorfeo.fr\/wp-content\/uploads\/2018\/03\/Logo-Orfeo.jpg","width":1671,"height":2156,"caption":"Ensemble Baroque Orfeo"},"image":{"@id":"https:\/\/ensembleorfeo.fr\/#\/schema\/logo\/image\/"},"sameAs":["https:\/\/www.facebook.com\/EnsembleOrfeo\/?eid=ARBaSR5WLVdmM60fRG9yuuJ0b1Yim05jQtqKqDw4YF6tKXNytAcqvv9ptI6tm6sIvwhxDEL7dlWbab1J"]}]}},"_links":{"self":[{"href":"https:\/\/ensembleorfeo.fr\/index.php\/wp-json\/wp\/v2\/pages\/59","targetHints":{"allow":["GET"]}}],"collection":[{"href":"https:\/\/ensembleorfeo.fr\/index.php\/wp-json\/wp\/v2\/pages"}],"about":[{"href":"https:\/\/ensembleorfeo.fr\/index.php\/wp-json\/wp\/v2\/types\/page"}],"author":[{"embeddable":true,"href":"https:\/\/ensembleorfeo.fr\/index.php\/wp-json\/wp\/v2\/users\/40"}],"replies":[{"embeddable":true,"href":"https:\/\/ensembleorfeo.fr\/index.php\/wp-json\/wp\/v2\/comments?post=59"}],"version-history":[{"count":11,"href":"https:\/\/ensembleorfeo.fr\/index.php\/wp-json\/wp\/v2\/pages\/59\/revisions"}],"predecessor-version":[{"id":1140,"href":"https:\/\/ensembleorfeo.fr\/index.php\/wp-json\/wp\/v2\/pages\/59\/revisions\/1140"}],"wp:attachment":[{"href":"https:\/\/ensembleorfeo.fr\/index.php\/wp-json\/wp\/v2\/media?parent=59"}],"curies":[{"name":"wp","href":"https:\/\/api.w.org\/{rel}","templated":true}]}}