{"id":83,"date":"2017-09-16T17:53:47","date_gmt":"2017-09-16T15:53:47","guid":{"rendered":"http:\/\/exoneration-taxe-habitation.fr\/?page_id=83"},"modified":"2023-07-27T22:13:37","modified_gmt":"2023-07-27T20:13:37","slug":"offre-de-programmes","status":"publish","type":"page","link":"https:\/\/ensembleorfeo.fr\/index.php\/offre-de-programmes\/","title":{"rendered":"Offre de programmes"},"content":{"rendered":"<p style=\"text-align: justify;\">La rapidit\u00e9 de travail d\u2019Orfeo permet de mettre sur pied rapidement un concert \u00e0 vos mesures (de 1 \u00e0 4 mois), d&rsquo;une dur\u00e9e modulable, en une ou deux parties avec pause.<\/p>\n<p style=\"text-align: justify;\">Les programmes sont originaux et toujours coh\u00e9rents musicalement autour d\u2019un th\u00e8me. Ils sont vari\u00e9s de mani\u00e8re \u00e0 s\u2019adapter \u00e0 un public pas n\u00e9cessairement sp\u00e9cialiste, avec des&nbsp;pi\u00e8ces de longueur mod\u00e9r\u00e9e ou r\u00e9duite jouant sur les contrastes et la palette expressive (drame, f\u00eate, comique, imitation&#8230;)<\/p>\n<p style=\"text-align: justify;\">Le choeur de 16 \u00e0 18 chanteurs est accompagn\u00e9 par des instrumentistes professionnels sp\u00e9cialistes du baroque et les solistes, pour les grandes \u0153uvres, sont membres d&rsquo;ensembles baroques renomm\u00e9s.<\/p>\n<h3 style=\"text-align: justify;\"><span style=\"color: #ff6600;\"><strong>Concerts en costumes d&rsquo;\u00e9poque<\/strong><\/span><\/h3>\n<h5><strong>Musiques pour le Roy Soleil<\/strong><\/h5>\n<p>Biographie de Louis XIV en musique. De brefs textes (originaux) alternent avec des pi\u00e8ces de Louis XIII, Lully, Charpentier, Minoret, Jean Gilles&#8230;L&rsquo;amour, l&rsquo;\u00e9glise, la chasse, le pouvoir&#8230;<\/p>\n<h5><em><strong>Variante : \u00ab\u00a0Musique pour les Rois de France\u00a0\u00bb<\/strong><\/em><\/h5>\n<p>Peu ou pas de textes, r\u00e9pertoire plus \u00e9tendu, d\u00e9bordant sur le XVIII\u00b0 si\u00e8cle. Climat plus op\u00e9ratique avec des \u0153uvres anim\u00e9es de Jean-Philippe Rameau et Jean-Joseph de Mondonville.<\/p>\n<h5><strong style=\"font-size: inherit;\">Une nuit \u00e0 Venise<\/strong><\/h5>\n<p>Costumes, masques, r\u00e9cits \u00e9ventuels. Alternance de ch\u0153urs et d&rsquo;airs solistes (ou duos). Musiques d&rsquo;\u00e9glise, parfois \u00e0 double ch\u0153ur, pr\u00e9sence de la Venise juive (Salamone Rossi) madrigal de Monteverdi, airs et ch\u0153urs peu connus de Vivaldi (\u00ab\u00a0Juditha triumphans\u00a0\u00bb,&nbsp; op\u00e9ra \u00ab\u00a0Il Giustino\u00a0\u00bb), Albinoni, Marcello. Pi\u00e8ces instrumentales.<\/p>\n<h5><strong>Bacchus et Flore<\/strong><\/h5>\n<p>Musique essentiellement fran\u00e7aise et un peu anglaise. L&rsquo;art de boire en musique, avec distinction: Purcell, Charpentier, de talentueux anonymes. Et en miroir, d&rsquo;amusantes sc\u00e8nes champ\u00eatres avec des nymphes charmantes et un mouton \u00e0 roulettes. Un programme enti\u00e8rement consacr\u00e9 au vin peut \u00eatre envisag\u00e9, avec \u00e9ventuellement des textes sp\u00e9cifiques \u00e0 un lieu, \u00e0 un ch\u00e2teau.<\/p>\n<p style=\"text-align: justify;\"><img loading=\"lazy\" decoding=\"async\" class=\"alignnone size-medium wp-image-682 aligncenter\" src=\"http:\/\/ensembleorfeo.fr\/wp-content\/uploads\/2018\/03\/separateur-60px-300x27.jpg\" alt=\"\" width=\"300\" height=\"27\" srcset=\"https:\/\/ensembleorfeo.fr\/wp-content\/uploads\/2018\/03\/separateur-60px-300x27.jpg 300w, https:\/\/ensembleorfeo.fr\/wp-content\/uploads\/2018\/03\/separateur-60px.jpg 659w\" sizes=\"auto, (max-width: 300px) 100vw, 300px\" \/><\/p>\n<h3><strong><span style=\"color: #ff6600;\">Concerts plus formels<\/span><\/strong><\/h3>\n<h5><strong>Une soir\u00e9e chez Bach<\/strong><\/h5>\n<p>Imaginons la maison Bach remplie d&rsquo;enfants musiciens et de visiteurs: on chante des airs de cantates, des ch\u0153urs, des chorals. Avec un violon, un violoncelle et un clavecin, ce programme&nbsp; \u00e9voque des moments heureux, solennels, tragiques aussi. Quelques r\u00e9cits ponctuent le concert, qui fait une large place \u00e0 Telemann, parrain d&rsquo;un des fils et c\u00e9l\u00e8bre en son temps.<\/p>\n<h5><strong>Les Larmes de l&rsquo;exil<\/strong><\/h5>\n<p>Tr\u00e8s original programme ponctu\u00e9 de r\u00e9cits. \u00c0 la d\u00e9couverte de musiciens souvent v\u00e9nitiens, partis chercher fortune dans les pays du Nord, et morts en terre \u00e9trang\u00e8re (dont Vivaldi). Fil conducteur: les larmes de la Vierge pleurant son fils. Airs solistes, ch\u0153urs et pi\u00e8ces instrumentales&nbsp; de Vivaldi, Steffani, Caldara, Bononcini, Hasse&#8230;. \u00c0 partir de 3 instruments.<\/p>\n<h5><strong>Semaine Sainte \u00e0 Vienne<\/strong><\/h5>\n<p>Variante du pr\u00e9c\u00e9dent, comportant l&rsquo;int\u00e9gralit\u00e9 des \u00ab\u00a0Stabat Mater\u00a0\u00bb d&rsquo;Antonio Caldara et de Frantisek Tuma (musicien tch\u00e8que \u00e0 la cour de l&rsquo;Empereur). \u00c0 partir de 4 instruments.<\/p>\n<h5><strong>Autour de la cantate 106<\/strong><\/h5>\n<p>Une des plus c\u00e9l\u00e8bres de Bach, avec 2 fl\u00fbtes \u00e0 bec, 2 violes de gambe et orgue. En compl\u00e9ment quelques airs et ch\u0153urs dans le m\u00eame climat, et 2 sonates mettant les fl\u00fbtes et la viole en valeur. 5 musiciens&nbsp; et solistes&nbsp; vocaux issus d&rsquo;Orfeo.<\/p>\n<h5><strong>Haendel : Odes royales<\/strong><\/h5>\n<p>Avec 8 musiciens (cordes, 2 hautbois et orgue), 2 \u0153uvres d&rsquo;envergure pour un couronnement (\u00ab\u00a0Zadok the priest\u00a0\u00bb) et les fun\u00e9railles d&rsquo;une reine (\u00ab\u00a0The Ways of Zion\u00a0\u00bb). Le ch\u0153ur en majest\u00e9, sans solistes.<\/p>\n<h5><strong>Concert de No\u00ebl<\/strong><\/h5>\n<p>Musiques rustiques et joyeuses (Corelli, Charpentier, Corrette, Minoret, no\u00ebls du XVII\u00b0). Possibilit\u00e9 de faire chanter le public \u00e0 la fin.<\/p>\n<h5><strong>Concerts avec grand orgue (si instrument compatible avec la musique ancienne).<\/strong><\/h5>\n<p>Orfeo a chant\u00e9 avec les meilleurs : Francis Chapelet, Fran\u00e7ois Espinasse, Paul Goussot, Aur\u00e9lien Delage, Arnaud de Pasquale, Louis-No\u00ebl Bestion de Camboulas. Th\u00e9matique fran\u00e7aise ou allemande.<\/p>\n<p style=\"text-align: justify;\"><img loading=\"lazy\" decoding=\"async\" class=\"alignnone size-medium wp-image-682 aligncenter\" src=\"http:\/\/ensembleorfeo.fr\/wp-content\/uploads\/2018\/03\/separateur-60px-300x27.jpg\" alt=\"\" width=\"300\" height=\"27\" srcset=\"https:\/\/ensembleorfeo.fr\/wp-content\/uploads\/2018\/03\/separateur-60px-300x27.jpg 300w, https:\/\/ensembleorfeo.fr\/wp-content\/uploads\/2018\/03\/separateur-60px.jpg 659w\" sizes=\"auto, (max-width: 300px) 100vw, 300px\" \/><\/p>\n<h3><strong><span style=\"color: #ff6600;\">Concerts plus imposants<\/span><\/strong><\/h3>\n<p>Avec plus de temps, et un budget adapt\u00e9 , Orfeo peut pr\u00e9senter beaucoup de grandes \u0153uvres baroques avec orchestre et solistes vocaux invit\u00e9s.<\/p>\n<ul>\n<li>Cantates sacr\u00e9es de Telemann (dont \u00ab\u00a0Du aber Daniel\u00a0\u00bb)<\/li>\n<li>Cantates intimes de Buxtehude et Bach (BWV 150 et 196)<\/li>\n<li>Vivaldi : Gloria, Magnificat, Dixit \u00e0 double choeur<\/li>\n<li>Purcell \u00ab\u00a0Didon et \u00c9n\u00e9e et Charpentier \u00ab\u00a0Act\u00e9on\u00a0\u00bb en version de concert<\/li>\n<li>Lully : Grands motets versaillais<\/li>\n<\/ul>\n\n\n<p>Mais aussi tout programme personnalis\u00e9, li\u00e9 \u00e0 un lieu ou une circonstance : r\u00e9pertoire sur mesure, textes \u00e9crits pour l&rsquo;occasion.<\/p>\n","protected":false},"excerpt":{"rendered":"<p>La rapidit\u00e9 de travail d\u2019Orfeo permet de mettre sur pied rapidement un concert \u00e0 vos mesures (de 1 \u00e0 4 mois), d&rsquo;une dur\u00e9e modulable, en une ou deux parties avec pause. Les programmes sont originaux et toujours coh\u00e9rents musicalement autour d\u2019un th\u00e8me. Ils sont vari\u00e9s de mani\u00e8re \u00e0 s\u2019adapter \u00e0 un public pas n\u00e9cessairement sp\u00e9cialiste, &hellip; <\/p>\n<p class=\"link-more\"><a href=\"https:\/\/ensembleorfeo.fr\/index.php\/offre-de-programmes\/\" class=\"more-link\">Continuer la lecture<span class=\"screen-reader-text\"> de &laquo;&nbsp;Offre de programmes&nbsp;&raquo;<\/span><\/a><\/p>\n","protected":false},"author":40,"featured_media":780,"parent":0,"menu_order":0,"comment_status":"closed","ping_status":"closed","template":"","meta":{"footnotes":""},"class_list":["post-83","page","type-page","status-publish","has-post-thumbnail","hentry"],"yoast_head":"<!-- This site is optimized with the Yoast SEO plugin v27.4 - https:\/\/yoast.com\/product\/yoast-seo-wordpress\/ -->\n<title>Offre de programmes - Ensemble Baroque ORFEO<\/title>\n<meta name=\"robots\" content=\"index, follow, max-snippet:-1, max-image-preview:large, max-video-preview:-1\" \/>\n<link rel=\"canonical\" href=\"https:\/\/ensembleorfeo.fr\/index.php\/offre-de-programmes\/\" \/>\n<meta property=\"og:locale\" content=\"fr_FR\" \/>\n<meta property=\"og:type\" content=\"article\" \/>\n<meta property=\"og:title\" content=\"Offre de programmes - Ensemble Baroque ORFEO\" \/>\n<meta property=\"og:description\" content=\"La rapidit\u00e9 de travail d\u2019Orfeo permet de mettre sur pied rapidement un concert \u00e0 vos mesures (de 1 \u00e0 4 mois), d&rsquo;une dur\u00e9e modulable, en une ou deux parties avec pause. Les programmes sont originaux et toujours coh\u00e9rents musicalement autour d\u2019un th\u00e8me. Ils sont vari\u00e9s de mani\u00e8re \u00e0 s\u2019adapter \u00e0 un public pas n\u00e9cessairement sp\u00e9cialiste, &hellip; Continuer la lecture de &laquo;&nbsp;Offre de programmes&nbsp;&raquo;\" \/>\n<meta property=\"og:url\" content=\"https:\/\/ensembleorfeo.fr\/index.php\/offre-de-programmes\/\" \/>\n<meta property=\"og:site_name\" content=\"Ensemble Baroque ORFEO\" \/>\n<meta property=\"article:publisher\" content=\"https:\/\/www.facebook.com\/EnsembleOrfeo\/?eid=ARBaSR5WLVdmM60fRG9yuuJ0b1Yim05jQtqKqDw4YF6tKXNytAcqvv9ptI6tm6sIvwhxDEL7dlWbab1J\" \/>\n<meta property=\"article:modified_time\" content=\"2023-07-27T20:13:37+00:00\" \/>\n<meta property=\"og:image\" content=\"https:\/\/ensembleorfeo.fr\/wp-content\/uploads\/2018\/03\/MusiqueBaroque-e1520709088760.jpg\" \/>\n\t<meta property=\"og:image:width\" content=\"980\" \/>\n\t<meta property=\"og:image:height\" content=\"309\" \/>\n\t<meta property=\"og:image:type\" content=\"image\/jpeg\" \/>\n<meta name=\"twitter:card\" content=\"summary_large_image\" \/>\n<meta name=\"twitter:label1\" content=\"Dur\u00e9e de lecture estim\u00e9e\" \/>\n\t<meta name=\"twitter:data1\" content=\"4 minutes\" \/>\n<script type=\"application\/ld+json\" class=\"yoast-schema-graph\">{\"@context\":\"https:\\\/\\\/schema.org\",\"@graph\":[{\"@type\":\"WebPage\",\"@id\":\"https:\\\/\\\/ensembleorfeo.fr\\\/index.php\\\/offre-de-programmes\\\/\",\"url\":\"https:\\\/\\\/ensembleorfeo.fr\\\/index.php\\\/offre-de-programmes\\\/\",\"name\":\"Offre de programmes - Ensemble Baroque ORFEO\",\"isPartOf\":{\"@id\":\"https:\\\/\\\/ensembleorfeo.fr\\\/#website\"},\"primaryImageOfPage\":{\"@id\":\"https:\\\/\\\/ensembleorfeo.fr\\\/index.php\\\/offre-de-programmes\\\/#primaryimage\"},\"image\":{\"@id\":\"https:\\\/\\\/ensembleorfeo.fr\\\/index.php\\\/offre-de-programmes\\\/#primaryimage\"},\"thumbnailUrl\":\"https:\\\/\\\/ensembleorfeo.fr\\\/wp-content\\\/uploads\\\/2018\\\/03\\\/MusiqueBaroque-e1520709088760.jpg\",\"datePublished\":\"2017-09-16T15:53:47+00:00\",\"dateModified\":\"2023-07-27T20:13:37+00:00\",\"breadcrumb\":{\"@id\":\"https:\\\/\\\/ensembleorfeo.fr\\\/index.php\\\/offre-de-programmes\\\/#breadcrumb\"},\"inLanguage\":\"fr-FR\",\"potentialAction\":[{\"@type\":\"ReadAction\",\"target\":[\"https:\\\/\\\/ensembleorfeo.fr\\\/index.php\\\/offre-de-programmes\\\/\"]}]},{\"@type\":\"ImageObject\",\"inLanguage\":\"fr-FR\",\"@id\":\"https:\\\/\\\/ensembleorfeo.fr\\\/index.php\\\/offre-de-programmes\\\/#primaryimage\",\"url\":\"https:\\\/\\\/ensembleorfeo.fr\\\/wp-content\\\/uploads\\\/2018\\\/03\\\/MusiqueBaroque-e1520709088760.jpg\",\"contentUrl\":\"https:\\\/\\\/ensembleorfeo.fr\\\/wp-content\\\/uploads\\\/2018\\\/03\\\/MusiqueBaroque-e1520709088760.jpg\",\"width\":980,\"height\":309},{\"@type\":\"BreadcrumbList\",\"@id\":\"https:\\\/\\\/ensembleorfeo.fr\\\/index.php\\\/offre-de-programmes\\\/#breadcrumb\",\"itemListElement\":[{\"@type\":\"ListItem\",\"position\":1,\"name\":\"Accueil\",\"item\":\"https:\\\/\\\/ensembleorfeo.fr\\\/\"},{\"@type\":\"ListItem\",\"position\":2,\"name\":\"Offre de programmes\"}]},{\"@type\":\"WebSite\",\"@id\":\"https:\\\/\\\/ensembleorfeo.fr\\\/#website\",\"url\":\"https:\\\/\\\/ensembleorfeo.fr\\\/\",\"name\":\"Ensemble Baroque Orfeo\",\"description\":\"Direction Fran\u00e7oise Richard\",\"publisher\":{\"@id\":\"https:\\\/\\\/ensembleorfeo.fr\\\/#organization\"},\"potentialAction\":[{\"@type\":\"SearchAction\",\"target\":{\"@type\":\"EntryPoint\",\"urlTemplate\":\"https:\\\/\\\/ensembleorfeo.fr\\\/?s={search_term_string}\"},\"query-input\":{\"@type\":\"PropertyValueSpecification\",\"valueRequired\":true,\"valueName\":\"search_term_string\"}}],\"inLanguage\":\"fr-FR\"},{\"@type\":\"Organization\",\"@id\":\"https:\\\/\\\/ensembleorfeo.fr\\\/#organization\",\"name\":\"Ensemble Baroque Orfeo\",\"url\":\"https:\\\/\\\/ensembleorfeo.fr\\\/\",\"logo\":{\"@type\":\"ImageObject\",\"inLanguage\":\"fr-FR\",\"@id\":\"https:\\\/\\\/ensembleorfeo.fr\\\/#\\\/schema\\\/logo\\\/image\\\/\",\"url\":\"https:\\\/\\\/ensembleorfeo.fr\\\/wp-content\\\/uploads\\\/2018\\\/03\\\/Logo-Orfeo.jpg\",\"contentUrl\":\"https:\\\/\\\/ensembleorfeo.fr\\\/wp-content\\\/uploads\\\/2018\\\/03\\\/Logo-Orfeo.jpg\",\"width\":1671,\"height\":2156,\"caption\":\"Ensemble Baroque Orfeo\"},\"image\":{\"@id\":\"https:\\\/\\\/ensembleorfeo.fr\\\/#\\\/schema\\\/logo\\\/image\\\/\"},\"sameAs\":[\"https:\\\/\\\/www.facebook.com\\\/EnsembleOrfeo\\\/?eid=ARBaSR5WLVdmM60fRG9yuuJ0b1Yim05jQtqKqDw4YF6tKXNytAcqvv9ptI6tm6sIvwhxDEL7dlWbab1J\"]}]}<\/script>\n<!-- \/ Yoast SEO plugin. -->","yoast_head_json":{"title":"Offre de programmes - Ensemble Baroque ORFEO","robots":{"index":"index","follow":"follow","max-snippet":"max-snippet:-1","max-image-preview":"max-image-preview:large","max-video-preview":"max-video-preview:-1"},"canonical":"https:\/\/ensembleorfeo.fr\/index.php\/offre-de-programmes\/","og_locale":"fr_FR","og_type":"article","og_title":"Offre de programmes - Ensemble Baroque ORFEO","og_description":"La rapidit\u00e9 de travail d\u2019Orfeo permet de mettre sur pied rapidement un concert \u00e0 vos mesures (de 1 \u00e0 4 mois), d&rsquo;une dur\u00e9e modulable, en une ou deux parties avec pause. Les programmes sont originaux et toujours coh\u00e9rents musicalement autour d\u2019un th\u00e8me. Ils sont vari\u00e9s de mani\u00e8re \u00e0 s\u2019adapter \u00e0 un public pas n\u00e9cessairement sp\u00e9cialiste, &hellip; Continuer la lecture de &laquo;&nbsp;Offre de programmes&nbsp;&raquo;","og_url":"https:\/\/ensembleorfeo.fr\/index.php\/offre-de-programmes\/","og_site_name":"Ensemble Baroque ORFEO","article_publisher":"https:\/\/www.facebook.com\/EnsembleOrfeo\/?eid=ARBaSR5WLVdmM60fRG9yuuJ0b1Yim05jQtqKqDw4YF6tKXNytAcqvv9ptI6tm6sIvwhxDEL7dlWbab1J","article_modified_time":"2023-07-27T20:13:37+00:00","og_image":[{"width":980,"height":309,"url":"https:\/\/ensembleorfeo.fr\/wp-content\/uploads\/2018\/03\/MusiqueBaroque-e1520709088760.jpg","type":"image\/jpeg"}],"twitter_card":"summary_large_image","twitter_misc":{"Dur\u00e9e de lecture estim\u00e9e":"4 minutes"},"schema":{"@context":"https:\/\/schema.org","@graph":[{"@type":"WebPage","@id":"https:\/\/ensembleorfeo.fr\/index.php\/offre-de-programmes\/","url":"https:\/\/ensembleorfeo.fr\/index.php\/offre-de-programmes\/","name":"Offre de programmes - Ensemble Baroque ORFEO","isPartOf":{"@id":"https:\/\/ensembleorfeo.fr\/#website"},"primaryImageOfPage":{"@id":"https:\/\/ensembleorfeo.fr\/index.php\/offre-de-programmes\/#primaryimage"},"image":{"@id":"https:\/\/ensembleorfeo.fr\/index.php\/offre-de-programmes\/#primaryimage"},"thumbnailUrl":"https:\/\/ensembleorfeo.fr\/wp-content\/uploads\/2018\/03\/MusiqueBaroque-e1520709088760.jpg","datePublished":"2017-09-16T15:53:47+00:00","dateModified":"2023-07-27T20:13:37+00:00","breadcrumb":{"@id":"https:\/\/ensembleorfeo.fr\/index.php\/offre-de-programmes\/#breadcrumb"},"inLanguage":"fr-FR","potentialAction":[{"@type":"ReadAction","target":["https:\/\/ensembleorfeo.fr\/index.php\/offre-de-programmes\/"]}]},{"@type":"ImageObject","inLanguage":"fr-FR","@id":"https:\/\/ensembleorfeo.fr\/index.php\/offre-de-programmes\/#primaryimage","url":"https:\/\/ensembleorfeo.fr\/wp-content\/uploads\/2018\/03\/MusiqueBaroque-e1520709088760.jpg","contentUrl":"https:\/\/ensembleorfeo.fr\/wp-content\/uploads\/2018\/03\/MusiqueBaroque-e1520709088760.jpg","width":980,"height":309},{"@type":"BreadcrumbList","@id":"https:\/\/ensembleorfeo.fr\/index.php\/offre-de-programmes\/#breadcrumb","itemListElement":[{"@type":"ListItem","position":1,"name":"Accueil","item":"https:\/\/ensembleorfeo.fr\/"},{"@type":"ListItem","position":2,"name":"Offre de programmes"}]},{"@type":"WebSite","@id":"https:\/\/ensembleorfeo.fr\/#website","url":"https:\/\/ensembleorfeo.fr\/","name":"Ensemble Baroque Orfeo","description":"Direction Fran\u00e7oise Richard","publisher":{"@id":"https:\/\/ensembleorfeo.fr\/#organization"},"potentialAction":[{"@type":"SearchAction","target":{"@type":"EntryPoint","urlTemplate":"https:\/\/ensembleorfeo.fr\/?s={search_term_string}"},"query-input":{"@type":"PropertyValueSpecification","valueRequired":true,"valueName":"search_term_string"}}],"inLanguage":"fr-FR"},{"@type":"Organization","@id":"https:\/\/ensembleorfeo.fr\/#organization","name":"Ensemble Baroque Orfeo","url":"https:\/\/ensembleorfeo.fr\/","logo":{"@type":"ImageObject","inLanguage":"fr-FR","@id":"https:\/\/ensembleorfeo.fr\/#\/schema\/logo\/image\/","url":"https:\/\/ensembleorfeo.fr\/wp-content\/uploads\/2018\/03\/Logo-Orfeo.jpg","contentUrl":"https:\/\/ensembleorfeo.fr\/wp-content\/uploads\/2018\/03\/Logo-Orfeo.jpg","width":1671,"height":2156,"caption":"Ensemble Baroque Orfeo"},"image":{"@id":"https:\/\/ensembleorfeo.fr\/#\/schema\/logo\/image\/"},"sameAs":["https:\/\/www.facebook.com\/EnsembleOrfeo\/?eid=ARBaSR5WLVdmM60fRG9yuuJ0b1Yim05jQtqKqDw4YF6tKXNytAcqvv9ptI6tm6sIvwhxDEL7dlWbab1J"]}]}},"_links":{"self":[{"href":"https:\/\/ensembleorfeo.fr\/index.php\/wp-json\/wp\/v2\/pages\/83","targetHints":{"allow":["GET"]}}],"collection":[{"href":"https:\/\/ensembleorfeo.fr\/index.php\/wp-json\/wp\/v2\/pages"}],"about":[{"href":"https:\/\/ensembleorfeo.fr\/index.php\/wp-json\/wp\/v2\/types\/page"}],"author":[{"embeddable":true,"href":"https:\/\/ensembleorfeo.fr\/index.php\/wp-json\/wp\/v2\/users\/40"}],"replies":[{"embeddable":true,"href":"https:\/\/ensembleorfeo.fr\/index.php\/wp-json\/wp\/v2\/comments?post=83"}],"version-history":[{"count":20,"href":"https:\/\/ensembleorfeo.fr\/index.php\/wp-json\/wp\/v2\/pages\/83\/revisions"}],"predecessor-version":[{"id":4976,"href":"https:\/\/ensembleorfeo.fr\/index.php\/wp-json\/wp\/v2\/pages\/83\/revisions\/4976"}],"wp:featuredmedia":[{"embeddable":true,"href":"https:\/\/ensembleorfeo.fr\/index.php\/wp-json\/wp\/v2\/media\/780"}],"wp:attachment":[{"href":"https:\/\/ensembleorfeo.fr\/index.php\/wp-json\/wp\/v2\/media?parent=83"}],"curies":[{"name":"wp","href":"https:\/\/api.w.org\/{rel}","templated":true}]}}